{"id":26458,"date":"2025-06-10T15:03:19","date_gmt":"2025-06-10T13:03:19","guid":{"rendered":"https:\/\/www.agrial.com\/notre-activite-de-boucherie-charcuterie\/"},"modified":"2025-10-31T16:13:38","modified_gmt":"2025-10-31T15:13:38","slug":"notre-activite-de-boucherie-charcuterie","status":"publish","type":"page","link":"https:\/\/www.agrial.com\/en\/notre-activite-de-boucherie-charcuterie\/","title":{"rendered":"Notre activit\u00e9 de Boucherie-Charcuterie"},"content":{"rendered":"","protected":false},"excerpt":{"rendered":"","protected":false},"author":1,"featured_media":0,"parent":0,"menu_order":10,"comment_status":"closed","ping_status":"closed","template":"page-activite-viandes.php","meta":{"_acf_changed":false,"inline_featured_image":false,"footnotes":""},"class_list":["post-26458","page","type-page","status-publish","hentry"],"acf":[],"yoast_head":"<!-- This site is optimized with the Yoast SEO plugin v26.7 - https:\/\/yoast.com\/wordpress\/plugins\/seo\/ -->\n<title>Notre activit\u00e9 de Boucherie-Charcuterie - Agrial<\/title>\n<meta name=\"description\" content=\"D\u00e9couvrez nos activit\u00e9s et soci\u00e9t\u00e9s de Boucherie, Charcuterie et N\u00e9goce, pr\u00e9sentes au sein de la branche Viandes d&#039;Agrial\" \/>\n<meta name=\"robots\" content=\"index, follow, max-snippet:-1, max-image-preview:large, max-video-preview:-1\" \/>\n<link rel=\"canonical\" href=\"https:\/\/www.agrial.com\/en\/notre-activite-de-boucherie-charcuterie\/\" \/>\n<meta property=\"og:locale\" content=\"en_US\" \/>\n<meta property=\"og:type\" content=\"article\" \/>\n<meta property=\"og:title\" content=\"Notre activit\u00e9 de Boucherie-Charcuterie - Agrial\" \/>\n<meta property=\"og:description\" content=\"D\u00e9couvrez nos activit\u00e9s et soci\u00e9t\u00e9s de Boucherie, Charcuterie et N\u00e9goce, pr\u00e9sentes au sein de la branche Viandes d&#039;Agrial\" \/>\n<meta property=\"og:url\" content=\"https:\/\/www.agrial.com\/en\/notre-activite-de-boucherie-charcuterie\/\" \/>\n<meta property=\"og:site_name\" content=\"Agrial\" \/>\n<meta property=\"article:modified_time\" content=\"2025-10-31T15:13:38+00:00\" \/>\n<meta property=\"og:image\" content=\"https:\/\/www.agrial.com\/wp-content\/uploads\/2022\/05\/fr-agrial-cmjn-n70-e1679563119540.png\" \/>\n\t<meta property=\"og:image:width\" content=\"1993\" \/>\n\t<meta property=\"og:image:height\" content=\"1389\" \/>\n\t<meta property=\"og:image:type\" content=\"image\/png\" \/>\n<meta name=\"twitter:card\" content=\"summary_large_image\" \/>\n<script type=\"application\/ld+json\" class=\"yoast-schema-graph\">{\"@context\":\"https:\/\/schema.org\",\"@graph\":[{\"@type\":\"WebPage\",\"@id\":\"https:\/\/www.agrial.com\/en\/notre-activite-de-boucherie-charcuterie\/\",\"url\":\"https:\/\/www.agrial.com\/en\/notre-activite-de-boucherie-charcuterie\/\",\"name\":\"Notre activit\u00e9 de Boucherie-Charcuterie - Agrial\",\"isPartOf\":{\"@id\":\"https:\/\/www.agrial.com\/#website\"},\"datePublished\":\"2025-06-10T13:03:19+00:00\",\"dateModified\":\"2025-10-31T15:13:38+00:00\",\"description\":\"D\u00e9couvrez nos activit\u00e9s et soci\u00e9t\u00e9s de Boucherie, Charcuterie et N\u00e9goce, pr\u00e9sentes au sein de la branche Viandes d'Agrial\",\"breadcrumb\":{\"@id\":\"https:\/\/www.agrial.com\/en\/notre-activite-de-boucherie-charcuterie\/#breadcrumb\"},\"inLanguage\":\"en-US\",\"potentialAction\":[{\"@type\":\"ReadAction\",\"target\":[\"https:\/\/www.agrial.com\/en\/notre-activite-de-boucherie-charcuterie\/\"]}]},{\"@type\":\"BreadcrumbList\",\"@id\":\"https:\/\/www.agrial.com\/en\/notre-activite-de-boucherie-charcuterie\/#breadcrumb\",\"itemListElement\":[{\"@type\":\"ListItem\",\"position\":1,\"name\":\"Homepage\",\"item\":\"https:\/\/www.agrial.com\/en\/\"},{\"@type\":\"ListItem\",\"position\":2,\"name\":\"Notre activit\u00e9 de Boucherie-Charcuterie\"}]},{\"@type\":\"WebSite\",\"@id\":\"https:\/\/www.agrial.com\/#website\",\"url\":\"https:\/\/www.agrial.com\/\",\"name\":\"Agrial\",\"description\":\"Agricultural and agrifood co-operative Group\",\"publisher\":{\"@id\":\"https:\/\/www.agrial.com\/#organization\"},\"potentialAction\":[{\"@type\":\"SearchAction\",\"target\":{\"@type\":\"EntryPoint\",\"urlTemplate\":\"https:\/\/www.agrial.com\/?s={search_term_string}\"},\"query-input\":{\"@type\":\"PropertyValueSpecification\",\"valueRequired\":true,\"valueName\":\"search_term_string\"}}],\"inLanguage\":\"en-US\"},{\"@type\":\"Organization\",\"@id\":\"https:\/\/www.agrial.com\/#organization\",\"name\":\"Agrial\",\"url\":\"https:\/\/www.agrial.com\/\",\"logo\":{\"@type\":\"ImageObject\",\"inLanguage\":\"en-US\",\"@id\":\"https:\/\/www.agrial.com\/#\/schema\/logo\/image\/\",\"url\":\"https:\/\/www.agrial.com\/wp-content\/uploads\/2022\/05\/fr-agrial-cmjn-n70-e1679563119540.png\",\"contentUrl\":\"https:\/\/www.agrial.com\/wp-content\/uploads\/2022\/05\/fr-agrial-cmjn-n70-e1679563119540.png\",\"width\":1993,\"height\":1389,\"caption\":\"Agrial\"},\"image\":{\"@id\":\"https:\/\/www.agrial.com\/#\/schema\/logo\/image\/\"},\"sameAs\":[\"https:\/\/fr.linkedin.com\/company\/agrial\",\"https:\/\/www.youtube.com\/channel\/UCSwkJ6_4iEziLGZC_N7Y0dw\"]}]}<\/script>\n<!-- \/ Yoast SEO plugin. -->","yoast_head_json":{"title":"Notre activit\u00e9 de Boucherie-Charcuterie - Agrial","description":"D\u00e9couvrez nos activit\u00e9s et soci\u00e9t\u00e9s de Boucherie, Charcuterie et N\u00e9goce, pr\u00e9sentes au sein de la branche Viandes d'Agrial","robots":{"index":"index","follow":"follow","max-snippet":"max-snippet:-1","max-image-preview":"max-image-preview:large","max-video-preview":"max-video-preview:-1"},"canonical":"https:\/\/www.agrial.com\/en\/notre-activite-de-boucherie-charcuterie\/","og_locale":"en_US","og_type":"article","og_title":"Notre activit\u00e9 de Boucherie-Charcuterie - Agrial","og_description":"D\u00e9couvrez nos activit\u00e9s et soci\u00e9t\u00e9s de Boucherie, Charcuterie et N\u00e9goce, pr\u00e9sentes au sein de la branche Viandes d'Agrial","og_url":"https:\/\/www.agrial.com\/en\/notre-activite-de-boucherie-charcuterie\/","og_site_name":"Agrial","article_modified_time":"2025-10-31T15:13:38+00:00","og_image":[{"width":1993,"height":1389,"url":"https:\/\/www.agrial.com\/wp-content\/uploads\/2022\/05\/fr-agrial-cmjn-n70-e1679563119540.png","type":"image\/png"}],"twitter_card":"summary_large_image","schema":{"@context":"https:\/\/schema.org","@graph":[{"@type":"WebPage","@id":"https:\/\/www.agrial.com\/en\/notre-activite-de-boucherie-charcuterie\/","url":"https:\/\/www.agrial.com\/en\/notre-activite-de-boucherie-charcuterie\/","name":"Notre activit\u00e9 de Boucherie-Charcuterie - Agrial","isPartOf":{"@id":"https:\/\/www.agrial.com\/#website"},"datePublished":"2025-06-10T13:03:19+00:00","dateModified":"2025-10-31T15:13:38+00:00","description":"D\u00e9couvrez nos activit\u00e9s et soci\u00e9t\u00e9s de Boucherie, Charcuterie et N\u00e9goce, pr\u00e9sentes au sein de la branche Viandes d'Agrial","breadcrumb":{"@id":"https:\/\/www.agrial.com\/en\/notre-activite-de-boucherie-charcuterie\/#breadcrumb"},"inLanguage":"en-US","potentialAction":[{"@type":"ReadAction","target":["https:\/\/www.agrial.com\/en\/notre-activite-de-boucherie-charcuterie\/"]}]},{"@type":"BreadcrumbList","@id":"https:\/\/www.agrial.com\/en\/notre-activite-de-boucherie-charcuterie\/#breadcrumb","itemListElement":[{"@type":"ListItem","position":1,"name":"Homepage","item":"https:\/\/www.agrial.com\/en\/"},{"@type":"ListItem","position":2,"name":"Notre activit\u00e9 de Boucherie-Charcuterie"}]},{"@type":"WebSite","@id":"https:\/\/www.agrial.com\/#website","url":"https:\/\/www.agrial.com\/","name":"Agrial","description":"Agricultural and agrifood co-operative Group","publisher":{"@id":"https:\/\/www.agrial.com\/#organization"},"potentialAction":[{"@type":"SearchAction","target":{"@type":"EntryPoint","urlTemplate":"https:\/\/www.agrial.com\/?s={search_term_string}"},"query-input":{"@type":"PropertyValueSpecification","valueRequired":true,"valueName":"search_term_string"}}],"inLanguage":"en-US"},{"@type":"Organization","@id":"https:\/\/www.agrial.com\/#organization","name":"Agrial","url":"https:\/\/www.agrial.com\/","logo":{"@type":"ImageObject","inLanguage":"en-US","@id":"https:\/\/www.agrial.com\/#\/schema\/logo\/image\/","url":"https:\/\/www.agrial.com\/wp-content\/uploads\/2022\/05\/fr-agrial-cmjn-n70-e1679563119540.png","contentUrl":"https:\/\/www.agrial.com\/wp-content\/uploads\/2022\/05\/fr-agrial-cmjn-n70-e1679563119540.png","width":1993,"height":1389,"caption":"Agrial"},"image":{"@id":"https:\/\/www.agrial.com\/#\/schema\/logo\/image\/"},"sameAs":["https:\/\/fr.linkedin.com\/company\/agrial","https:\/\/www.youtube.com\/channel\/UCSwkJ6_4iEziLGZC_N7Y0dw"]}]}},"_links":{"self":[{"href":"https:\/\/www.agrial.com\/en\/wp-json\/wp\/v2\/pages\/26458","targetHints":{"allow":["GET"]}}],"collection":[{"href":"https:\/\/www.agrial.com\/en\/wp-json\/wp\/v2\/pages"}],"about":[{"href":"https:\/\/www.agrial.com\/en\/wp-json\/wp\/v2\/types\/page"}],"author":[{"embeddable":true,"href":"https:\/\/www.agrial.com\/en\/wp-json\/wp\/v2\/users\/1"}],"replies":[{"embeddable":true,"href":"https:\/\/www.agrial.com\/en\/wp-json\/wp\/v2\/comments?post=26458"}],"version-history":[{"count":2,"href":"https:\/\/www.agrial.com\/en\/wp-json\/wp\/v2\/pages\/26458\/revisions"}],"predecessor-version":[{"id":26465,"href":"https:\/\/www.agrial.com\/en\/wp-json\/wp\/v2\/pages\/26458\/revisions\/26465"}],"wp:attachment":[{"href":"https:\/\/www.agrial.com\/en\/wp-json\/wp\/v2\/media?parent=26458"}],"curies":[{"name":"wp","href":"https:\/\/api.w.org\/{rel}","templated":true}]}}