{"id":5114,"date":"2022-03-29T09:40:33","date_gmt":"2022-03-29T07:40:33","guid":{"rendered":"https:\/\/agrial.wokine.dev\/notre-impact-agrial\/"},"modified":"2025-07-15T11:06:42","modified_gmt":"2025-07-15T09:06:42","slug":"our-commitents-agrial-agricultural-and-agri-food-cooperative","status":"publish","type":"page","link":"https:\/\/www.agrial.com\/en\/our-commitents-agrial-agricultural-and-agri-food-cooperative\/","title":{"rendered":"Our commitments"},"content":{"rendered":"","protected":false},"excerpt":{"rendered":"","protected":false},"author":1,"featured_media":0,"parent":0,"menu_order":9,"comment_status":"closed","ping_status":"closed","template":"page-impact.php","meta":{"_acf_changed":false,"inline_featured_image":false,"footnotes":""},"class_list":["post-5114","page","type-page","status-publish","hentry"],"acf":[],"yoast_head":"<!-- This site is optimized with the Yoast SEO plugin v26.7 - https:\/\/yoast.com\/wordpress\/plugins\/seo\/ -->\n<title>Our commitments - Agrial<\/title>\n<meta name=\"description\" content=\"D\u00e9couvrez l&#039;impact et les engagements d&#039;Agrial, groupe coop\u00e9ratif agricole et agroalimentaire fran\u00e7ais, en faveur du d\u00e9veloppement durable.\" \/>\n<meta name=\"robots\" content=\"index, follow, max-snippet:-1, max-image-preview:large, max-video-preview:-1\" \/>\n<link rel=\"canonical\" href=\"https:\/\/www.agrial.com\/en\/our-commitents-agrial-agricultural-and-agri-food-cooperative\/\" \/>\n<meta property=\"og:locale\" content=\"en_US\" \/>\n<meta property=\"og:type\" content=\"article\" \/>\n<meta property=\"og:title\" content=\"Notre impact - Agrial\" \/>\n<meta property=\"og:description\" content=\"D\u00e9couvrez l&#039;impact et les engagements d&#039;Agrial, groupe coop\u00e9ratif agricole et agroalimentaire fran\u00e7ais, en faveur du d\u00e9veloppement durable.\" \/>\n<meta property=\"og:url\" content=\"https:\/\/www.agrial.com\/en\/our-commitents-agrial-agricultural-and-agri-food-cooperative\/\" \/>\n<meta property=\"og:site_name\" content=\"Agrial\" \/>\n<meta property=\"article:modified_time\" content=\"2025-07-15T09:06:42+00:00\" \/>\n<meta property=\"og:image\" content=\"https:\/\/www.agrial.com\/wp-content\/uploads\/2022\/05\/fr-agrial-cmjn-n70-e1679563119540.png\" \/>\n\t<meta property=\"og:image:width\" content=\"1993\" \/>\n\t<meta property=\"og:image:height\" content=\"1389\" \/>\n\t<meta property=\"og:image:type\" content=\"image\/png\" \/>\n<meta name=\"twitter:card\" content=\"summary_large_image\" \/>\n<meta name=\"twitter:title\" content=\"Notre impact - Agrial\" \/>\n<meta name=\"twitter:description\" content=\"D\u00e9couvrez l&#039;impact et les engagements d&#039;Agrial, groupe coop\u00e9ratif agricole et agroalimentaire fran\u00e7ais, en faveur du d\u00e9veloppement durable.\" \/>\n<meta name=\"twitter:image\" content=\"https:\/\/www.agrial.com\/wp-content\/uploads\/2022\/05\/fr-agrial-cmjn-n70-e1679563119540.png\" \/>\n<script type=\"application\/ld+json\" class=\"yoast-schema-graph\">{\"@context\":\"https:\/\/schema.org\",\"@graph\":[{\"@type\":\"WebPage\",\"@id\":\"https:\/\/www.agrial.com\/en\/our-commitents-agrial-agricultural-and-agri-food-cooperative\/\",\"url\":\"https:\/\/www.agrial.com\/en\/our-commitents-agrial-agricultural-and-agri-food-cooperative\/\",\"name\":\"Our commitments - Agrial\",\"isPartOf\":{\"@id\":\"https:\/\/www.agrial.com\/#website\"},\"datePublished\":\"2022-03-29T07:40:33+00:00\",\"dateModified\":\"2025-07-15T09:06:42+00:00\",\"description\":\"D\u00e9couvrez l'impact et les engagements d'Agrial, groupe coop\u00e9ratif agricole et agroalimentaire fran\u00e7ais, en faveur du d\u00e9veloppement durable.\",\"breadcrumb\":{\"@id\":\"https:\/\/www.agrial.com\/en\/our-commitents-agrial-agricultural-and-agri-food-cooperative\/#breadcrumb\"},\"inLanguage\":\"en-US\",\"potentialAction\":[{\"@type\":\"ReadAction\",\"target\":[\"https:\/\/www.agrial.com\/en\/our-commitents-agrial-agricultural-and-agri-food-cooperative\/\"]}]},{\"@type\":\"BreadcrumbList\",\"@id\":\"https:\/\/www.agrial.com\/en\/our-commitents-agrial-agricultural-and-agri-food-cooperative\/#breadcrumb\",\"itemListElement\":[{\"@type\":\"ListItem\",\"position\":1,\"name\":\"Homepage\",\"item\":\"https:\/\/www.agrial.com\/en\/\"},{\"@type\":\"ListItem\",\"position\":2,\"name\":\"Our commitments\"}]},{\"@type\":\"WebSite\",\"@id\":\"https:\/\/www.agrial.com\/#website\",\"url\":\"https:\/\/www.agrial.com\/\",\"name\":\"Agrial\",\"description\":\"Agricultural and agrifood co-operative Group\",\"publisher\":{\"@id\":\"https:\/\/www.agrial.com\/#organization\"},\"potentialAction\":[{\"@type\":\"SearchAction\",\"target\":{\"@type\":\"EntryPoint\",\"urlTemplate\":\"https:\/\/www.agrial.com\/?s={search_term_string}\"},\"query-input\":{\"@type\":\"PropertyValueSpecification\",\"valueRequired\":true,\"valueName\":\"search_term_string\"}}],\"inLanguage\":\"en-US\"},{\"@type\":\"Organization\",\"@id\":\"https:\/\/www.agrial.com\/#organization\",\"name\":\"Agrial\",\"url\":\"https:\/\/www.agrial.com\/\",\"logo\":{\"@type\":\"ImageObject\",\"inLanguage\":\"en-US\",\"@id\":\"https:\/\/www.agrial.com\/#\/schema\/logo\/image\/\",\"url\":\"https:\/\/www.agrial.com\/wp-content\/uploads\/2022\/05\/fr-agrial-cmjn-n70-e1679563119540.png\",\"contentUrl\":\"https:\/\/www.agrial.com\/wp-content\/uploads\/2022\/05\/fr-agrial-cmjn-n70-e1679563119540.png\",\"width\":1993,\"height\":1389,\"caption\":\"Agrial\"},\"image\":{\"@id\":\"https:\/\/www.agrial.com\/#\/schema\/logo\/image\/\"},\"sameAs\":[\"https:\/\/fr.linkedin.com\/company\/agrial\",\"https:\/\/www.youtube.com\/channel\/UCSwkJ6_4iEziLGZC_N7Y0dw\"]}]}<\/script>\n<!-- \/ Yoast SEO plugin. -->","yoast_head_json":{"title":"Our commitments - Agrial","description":"D\u00e9couvrez l'impact et les engagements d'Agrial, groupe coop\u00e9ratif agricole et agroalimentaire fran\u00e7ais, en faveur du d\u00e9veloppement durable.","robots":{"index":"index","follow":"follow","max-snippet":"max-snippet:-1","max-image-preview":"max-image-preview:large","max-video-preview":"max-video-preview:-1"},"canonical":"https:\/\/www.agrial.com\/en\/our-commitents-agrial-agricultural-and-agri-food-cooperative\/","og_locale":"en_US","og_type":"article","og_title":"Notre impact - Agrial","og_description":"D\u00e9couvrez l'impact et les engagements d'Agrial, groupe coop\u00e9ratif agricole et agroalimentaire fran\u00e7ais, en faveur du d\u00e9veloppement durable.","og_url":"https:\/\/www.agrial.com\/en\/our-commitents-agrial-agricultural-and-agri-food-cooperative\/","og_site_name":"Agrial","article_modified_time":"2025-07-15T09:06:42+00:00","og_image":[{"width":1993,"height":1389,"url":"https:\/\/www.agrial.com\/wp-content\/uploads\/2022\/05\/fr-agrial-cmjn-n70-e1679563119540.png","type":"image\/png"}],"twitter_card":"summary_large_image","twitter_title":"Notre impact - Agrial","twitter_description":"D\u00e9couvrez l'impact et les engagements d'Agrial, groupe coop\u00e9ratif agricole et agroalimentaire fran\u00e7ais, en faveur du d\u00e9veloppement durable.","twitter_image":"https:\/\/www.agrial.com\/wp-content\/uploads\/2022\/05\/fr-agrial-cmjn-n70-e1679563119540.png","schema":{"@context":"https:\/\/schema.org","@graph":[{"@type":"WebPage","@id":"https:\/\/www.agrial.com\/en\/our-commitents-agrial-agricultural-and-agri-food-cooperative\/","url":"https:\/\/www.agrial.com\/en\/our-commitents-agrial-agricultural-and-agri-food-cooperative\/","name":"Our commitments - Agrial","isPartOf":{"@id":"https:\/\/www.agrial.com\/#website"},"datePublished":"2022-03-29T07:40:33+00:00","dateModified":"2025-07-15T09:06:42+00:00","description":"D\u00e9couvrez l'impact et les engagements d'Agrial, groupe coop\u00e9ratif agricole et agroalimentaire fran\u00e7ais, en faveur du d\u00e9veloppement durable.","breadcrumb":{"@id":"https:\/\/www.agrial.com\/en\/our-commitents-agrial-agricultural-and-agri-food-cooperative\/#breadcrumb"},"inLanguage":"en-US","potentialAction":[{"@type":"ReadAction","target":["https:\/\/www.agrial.com\/en\/our-commitents-agrial-agricultural-and-agri-food-cooperative\/"]}]},{"@type":"BreadcrumbList","@id":"https:\/\/www.agrial.com\/en\/our-commitents-agrial-agricultural-and-agri-food-cooperative\/#breadcrumb","itemListElement":[{"@type":"ListItem","position":1,"name":"Homepage","item":"https:\/\/www.agrial.com\/en\/"},{"@type":"ListItem","position":2,"name":"Our commitments"}]},{"@type":"WebSite","@id":"https:\/\/www.agrial.com\/#website","url":"https:\/\/www.agrial.com\/","name":"Agrial","description":"Agricultural and agrifood co-operative Group","publisher":{"@id":"https:\/\/www.agrial.com\/#organization"},"potentialAction":[{"@type":"SearchAction","target":{"@type":"EntryPoint","urlTemplate":"https:\/\/www.agrial.com\/?s={search_term_string}"},"query-input":{"@type":"PropertyValueSpecification","valueRequired":true,"valueName":"search_term_string"}}],"inLanguage":"en-US"},{"@type":"Organization","@id":"https:\/\/www.agrial.com\/#organization","name":"Agrial","url":"https:\/\/www.agrial.com\/","logo":{"@type":"ImageObject","inLanguage":"en-US","@id":"https:\/\/www.agrial.com\/#\/schema\/logo\/image\/","url":"https:\/\/www.agrial.com\/wp-content\/uploads\/2022\/05\/fr-agrial-cmjn-n70-e1679563119540.png","contentUrl":"https:\/\/www.agrial.com\/wp-content\/uploads\/2022\/05\/fr-agrial-cmjn-n70-e1679563119540.png","width":1993,"height":1389,"caption":"Agrial"},"image":{"@id":"https:\/\/www.agrial.com\/#\/schema\/logo\/image\/"},"sameAs":["https:\/\/fr.linkedin.com\/company\/agrial","https:\/\/www.youtube.com\/channel\/UCSwkJ6_4iEziLGZC_N7Y0dw"]}]}},"_links":{"self":[{"href":"https:\/\/www.agrial.com\/en\/wp-json\/wp\/v2\/pages\/5114","targetHints":{"allow":["GET"]}}],"collection":[{"href":"https:\/\/www.agrial.com\/en\/wp-json\/wp\/v2\/pages"}],"about":[{"href":"https:\/\/www.agrial.com\/en\/wp-json\/wp\/v2\/types\/page"}],"author":[{"embeddable":true,"href":"https:\/\/www.agrial.com\/en\/wp-json\/wp\/v2\/users\/1"}],"replies":[{"embeddable":true,"href":"https:\/\/www.agrial.com\/en\/wp-json\/wp\/v2\/comments?post=5114"}],"version-history":[{"count":44,"href":"https:\/\/www.agrial.com\/en\/wp-json\/wp\/v2\/pages\/5114\/revisions"}],"predecessor-version":[{"id":24729,"href":"https:\/\/www.agrial.com\/en\/wp-json\/wp\/v2\/pages\/5114\/revisions\/24729"}],"wp:attachment":[{"href":"https:\/\/www.agrial.com\/en\/wp-json\/wp\/v2\/media?parent=5114"}],"curies":[{"name":"wp","href":"https:\/\/api.w.org\/{rel}","templated":true}]}}