{"id":17499,"date":"2022-03-11T10:10:20","date_gmt":"2022-03-11T09:10:20","guid":{"rendered":"https:\/\/www.agrial.com\/agrial-cooperative-agricole-et-agroalimentaire-francaise\/"},"modified":"2025-08-26T12:01:59","modified_gmt":"2025-08-26T10:01:59","slug":"agrial-cooperative-agricole-et-agroalimentaire-francaise","status":"publish","type":"page","link":"https:\/\/www.agrial.com\/es\/","title":{"rendered":"Home page"},"content":{"rendered":"","protected":false},"excerpt":{"rendered":"","protected":false},"author":1,"featured_media":0,"parent":0,"menu_order":0,"comment_status":"closed","ping_status":"closed","template":"front-page.php","meta":{"_acf_changed":false,"inline_featured_image":false,"footnotes":""},"class_list":["post-17499","page","type-page","status-publish","hentry"],"acf":[],"yoast_head":"<!-- This site is optimized with the Yoast SEO plugin v26.7 - https:\/\/yoast.com\/wordpress\/plugins\/seo\/ -->\n<title>Agrial: Cooperativa agr\u00edcola y agroalimentaria francesa<\/title>\n<meta name=\"description\" content=\"Descubra Agrial, la 1\u00aa cooperativa agr\u00edcola y agroalimentaria de Francia. Desarrollamos actividades de transformaci\u00f3n alimentaria.\" \/>\n<meta name=\"robots\" content=\"index, follow, max-snippet:-1, max-image-preview:large, max-video-preview:-1\" \/>\n<link rel=\"canonical\" href=\"https:\/\/www.agrial.com\/es\/\" \/>\n<meta property=\"og:locale\" content=\"es_ES\" \/>\n<meta property=\"og:type\" content=\"article\" \/>\n<meta property=\"og:title\" content=\"Agrial - Entreprise Coop\u00e9rative Agricole et Agroalimentaire\" \/>\n<meta property=\"og:description\" content=\"D\u00e9couvrez Agrial, Groupe coop\u00e9ratif agricole et agroalimentaire fran\u00e7ais. Nous d\u00e9veloppons des activit\u00e9s de transformation agroalimentaire.\" \/>\n<meta property=\"og:url\" content=\"https:\/\/www.agrial.com\/es\/\" \/>\n<meta property=\"og:site_name\" content=\"Agrial\" \/>\n<meta property=\"article:modified_time\" content=\"2025-08-26T10:01:59+00:00\" \/>\n<meta property=\"og:image\" content=\"https:\/\/www.agrial.com\/wp-content\/uploads\/2022\/05\/fr-agrial-cmjn-n70-e1679563119540.png\" \/>\n\t<meta property=\"og:image:width\" content=\"1993\" \/>\n\t<meta property=\"og:image:height\" content=\"1389\" \/>\n\t<meta property=\"og:image:type\" content=\"image\/png\" \/>\n<meta name=\"twitter:card\" content=\"summary_large_image\" \/>\n<meta name=\"twitter:title\" content=\"Agrial - Entreprise Coop\u00e9rative Agricole et Agroalimentaire\" \/>\n<meta name=\"twitter:description\" content=\"D\u00e9couvrez Agrial, Groupe coop\u00e9ratif agricole et agroalimentaire fran\u00e7ais. Nous d\u00e9veloppons des activit\u00e9s de transformation agroalimentaire.\" \/>\n<meta name=\"twitter:image\" content=\"https:\/\/www.agrial.com\/wp-content\/uploads\/2022\/05\/fr-agrial-cmjn-n70-e1679563119540.png\" \/>\n<script type=\"application\/ld+json\" class=\"yoast-schema-graph\">{\"@context\":\"https:\/\/schema.org\",\"@graph\":[{\"@type\":\"WebPage\",\"@id\":\"https:\/\/www.agrial.com\/es\/\",\"url\":\"https:\/\/www.agrial.com\/es\/\",\"name\":\"Agrial: Cooperativa agr\u00edcola y agroalimentaria francesa\",\"isPartOf\":{\"@id\":\"https:\/\/www.agrial.com\/#website\"},\"datePublished\":\"2022-03-11T09:10:20+00:00\",\"dateModified\":\"2025-08-26T10:01:59+00:00\",\"description\":\"Descubra Agrial, la 1\u00aa cooperativa agr\u00edcola y agroalimentaria de Francia. Desarrollamos actividades de transformaci\u00f3n alimentaria.\",\"breadcrumb\":{\"@id\":\"https:\/\/www.agrial.com\/es\/#breadcrumb\"},\"inLanguage\":\"es\",\"potentialAction\":[{\"@type\":\"ReadAction\",\"target\":[\"https:\/\/www.agrial.com\/es\/\"]}]},{\"@type\":\"BreadcrumbList\",\"@id\":\"https:\/\/www.agrial.com\/es\/#breadcrumb\",\"itemListElement\":[{\"@type\":\"ListItem\",\"position\":1,\"name\":\"Accueil\",\"item\":\"https:\/\/www.agrial.com\/es\/\"},{\"@type\":\"ListItem\",\"position\":2,\"name\":\"Home page\"}]},{\"@type\":\"WebSite\",\"@id\":\"https:\/\/www.agrial.com\/#website\",\"url\":\"https:\/\/www.agrial.com\/\",\"name\":\"Agrial\",\"description\":\"Groupe coop\u00e9ratif agricole et agroalimentaire\",\"publisher\":{\"@id\":\"https:\/\/www.agrial.com\/#organization\"},\"potentialAction\":[{\"@type\":\"SearchAction\",\"target\":{\"@type\":\"EntryPoint\",\"urlTemplate\":\"https:\/\/www.agrial.com\/?s={search_term_string}\"},\"query-input\":{\"@type\":\"PropertyValueSpecification\",\"valueRequired\":true,\"valueName\":\"search_term_string\"}}],\"inLanguage\":\"es\"},{\"@type\":\"Organization\",\"@id\":\"https:\/\/www.agrial.com\/#organization\",\"name\":\"Agrial\",\"url\":\"https:\/\/www.agrial.com\/\",\"logo\":{\"@type\":\"ImageObject\",\"inLanguage\":\"es\",\"@id\":\"https:\/\/www.agrial.com\/#\/schema\/logo\/image\/\",\"url\":\"https:\/\/www.agrial.com\/wp-content\/uploads\/2022\/05\/fr-agrial-cmjn-n70-e1679563119540.png\",\"contentUrl\":\"https:\/\/www.agrial.com\/wp-content\/uploads\/2022\/05\/fr-agrial-cmjn-n70-e1679563119540.png\",\"width\":1993,\"height\":1389,\"caption\":\"Agrial\"},\"image\":{\"@id\":\"https:\/\/www.agrial.com\/#\/schema\/logo\/image\/\"},\"sameAs\":[\"https:\/\/fr.linkedin.com\/company\/agrial\",\"https:\/\/www.youtube.com\/channel\/UCSwkJ6_4iEziLGZC_N7Y0dw\"]}]}<\/script>\n<!-- \/ Yoast SEO plugin. -->","yoast_head_json":{"title":"Agrial: Cooperativa agr\u00edcola y agroalimentaria francesa","description":"Descubra Agrial, la 1\u00aa cooperativa agr\u00edcola y agroalimentaria de Francia. Desarrollamos actividades de transformaci\u00f3n alimentaria.","robots":{"index":"index","follow":"follow","max-snippet":"max-snippet:-1","max-image-preview":"max-image-preview:large","max-video-preview":"max-video-preview:-1"},"canonical":"https:\/\/www.agrial.com\/es\/","og_locale":"es_ES","og_type":"article","og_title":"Agrial - Entreprise Coop\u00e9rative Agricole et Agroalimentaire","og_description":"D\u00e9couvrez Agrial, Groupe coop\u00e9ratif agricole et agroalimentaire fran\u00e7ais. Nous d\u00e9veloppons des activit\u00e9s de transformation agroalimentaire.","og_url":"https:\/\/www.agrial.com\/es\/","og_site_name":"Agrial","article_modified_time":"2025-08-26T10:01:59+00:00","og_image":[{"width":1993,"height":1389,"url":"https:\/\/www.agrial.com\/wp-content\/uploads\/2022\/05\/fr-agrial-cmjn-n70-e1679563119540.png","type":"image\/png"}],"twitter_card":"summary_large_image","twitter_title":"Agrial - Entreprise Coop\u00e9rative Agricole et Agroalimentaire","twitter_description":"D\u00e9couvrez Agrial, Groupe coop\u00e9ratif agricole et agroalimentaire fran\u00e7ais. Nous d\u00e9veloppons des activit\u00e9s de transformation agroalimentaire.","twitter_image":"https:\/\/www.agrial.com\/wp-content\/uploads\/2022\/05\/fr-agrial-cmjn-n70-e1679563119540.png","schema":{"@context":"https:\/\/schema.org","@graph":[{"@type":"WebPage","@id":"https:\/\/www.agrial.com\/es\/","url":"https:\/\/www.agrial.com\/es\/","name":"Agrial: Cooperativa agr\u00edcola y agroalimentaria francesa","isPartOf":{"@id":"https:\/\/www.agrial.com\/#website"},"datePublished":"2022-03-11T09:10:20+00:00","dateModified":"2025-08-26T10:01:59+00:00","description":"Descubra Agrial, la 1\u00aa cooperativa agr\u00edcola y agroalimentaria de Francia. Desarrollamos actividades de transformaci\u00f3n alimentaria.","breadcrumb":{"@id":"https:\/\/www.agrial.com\/es\/#breadcrumb"},"inLanguage":"es","potentialAction":[{"@type":"ReadAction","target":["https:\/\/www.agrial.com\/es\/"]}]},{"@type":"BreadcrumbList","@id":"https:\/\/www.agrial.com\/es\/#breadcrumb","itemListElement":[{"@type":"ListItem","position":1,"name":"Accueil","item":"https:\/\/www.agrial.com\/es\/"},{"@type":"ListItem","position":2,"name":"Home page"}]},{"@type":"WebSite","@id":"https:\/\/www.agrial.com\/#website","url":"https:\/\/www.agrial.com\/","name":"Agrial","description":"Groupe coop\u00e9ratif agricole et agroalimentaire","publisher":{"@id":"https:\/\/www.agrial.com\/#organization"},"potentialAction":[{"@type":"SearchAction","target":{"@type":"EntryPoint","urlTemplate":"https:\/\/www.agrial.com\/?s={search_term_string}"},"query-input":{"@type":"PropertyValueSpecification","valueRequired":true,"valueName":"search_term_string"}}],"inLanguage":"es"},{"@type":"Organization","@id":"https:\/\/www.agrial.com\/#organization","name":"Agrial","url":"https:\/\/www.agrial.com\/","logo":{"@type":"ImageObject","inLanguage":"es","@id":"https:\/\/www.agrial.com\/#\/schema\/logo\/image\/","url":"https:\/\/www.agrial.com\/wp-content\/uploads\/2022\/05\/fr-agrial-cmjn-n70-e1679563119540.png","contentUrl":"https:\/\/www.agrial.com\/wp-content\/uploads\/2022\/05\/fr-agrial-cmjn-n70-e1679563119540.png","width":1993,"height":1389,"caption":"Agrial"},"image":{"@id":"https:\/\/www.agrial.com\/#\/schema\/logo\/image\/"},"sameAs":["https:\/\/fr.linkedin.com\/company\/agrial","https:\/\/www.youtube.com\/channel\/UCSwkJ6_4iEziLGZC_N7Y0dw"]}]}},"_links":{"self":[{"href":"https:\/\/www.agrial.com\/es\/wp-json\/wp\/v2\/pages\/17499","targetHints":{"allow":["GET"]}}],"collection":[{"href":"https:\/\/www.agrial.com\/es\/wp-json\/wp\/v2\/pages"}],"about":[{"href":"https:\/\/www.agrial.com\/es\/wp-json\/wp\/v2\/types\/page"}],"author":[{"embeddable":true,"href":"https:\/\/www.agrial.com\/es\/wp-json\/wp\/v2\/users\/1"}],"replies":[{"embeddable":true,"href":"https:\/\/www.agrial.com\/es\/wp-json\/wp\/v2\/comments?post=17499"}],"version-history":[{"count":11,"href":"https:\/\/www.agrial.com\/es\/wp-json\/wp\/v2\/pages\/17499\/revisions"}],"predecessor-version":[{"id":25019,"href":"https:\/\/www.agrial.com\/es\/wp-json\/wp\/v2\/pages\/17499\/revisions\/25019"}],"wp:attachment":[{"href":"https:\/\/www.agrial.com\/es\/wp-json\/wp\/v2\/media?parent=17499"}],"curies":[{"name":"wp","href":"https:\/\/api.w.org\/{rel}","templated":true}]}}