{"id":17823,"date":"2022-03-29T09:40:33","date_gmt":"2022-03-29T07:40:33","guid":{"rendered":"https:\/\/www.agrial.com\/nos-engagements-agrial-cooperative-agricole-et-agroalimentaire\/"},"modified":"2025-07-15T11:07:06","modified_gmt":"2025-07-15T09:07:06","slug":"nuestros-compromisos-agrial-cooperativa-agricola-y-agroalimentaria","status":"publish","type":"page","link":"https:\/\/www.agrial.com\/es\/nuestros-compromisos-agrial-cooperativa-agricola-y-agroalimentaria\/","title":{"rendered":"Nuestros compromisos"},"content":{"rendered":"","protected":false},"excerpt":{"rendered":"","protected":false},"author":1,"featured_media":0,"parent":0,"menu_order":9,"comment_status":"closed","ping_status":"closed","template":"page-impact.php","meta":{"_acf_changed":false,"inline_featured_image":false,"footnotes":""},"class_list":["post-17823","page","type-page","status-publish","hentry"],"acf":[],"yoast_head":"<!-- This site is optimized with the Yoast SEO plugin v26.7 - https:\/\/yoast.com\/wordpress\/plugins\/seo\/ -->\n<title>Nuestros compromisos - Agrial<\/title>\n<meta name=\"description\" content=\"M\u00e1s informaci\u00f3n sobre el impacto y los compromisos de Agrial, el grupo cooperativo agr\u00edcola y agroalimentario franc\u00e9s.\" \/>\n<meta name=\"robots\" content=\"index, follow, max-snippet:-1, max-image-preview:large, max-video-preview:-1\" \/>\n<link rel=\"canonical\" href=\"https:\/\/www.agrial.com\/es\/nuestros-compromisos-agrial-cooperativa-agricola-y-agroalimentaria\/\" \/>\n<meta property=\"og:locale\" content=\"es_ES\" \/>\n<meta property=\"og:type\" content=\"article\" \/>\n<meta property=\"og:title\" content=\"Notre impact - Agrial\" \/>\n<meta property=\"og:description\" content=\"D\u00e9couvrez l&#039;impact et les engagements d&#039;Agrial, groupe coop\u00e9ratif agricole et agroalimentaire fran\u00e7ais, en faveur du d\u00e9veloppement durable.\" \/>\n<meta property=\"og:url\" content=\"https:\/\/www.agrial.com\/es\/nuestros-compromisos-agrial-cooperativa-agricola-y-agroalimentaria\/\" \/>\n<meta property=\"og:site_name\" content=\"Agrial\" \/>\n<meta property=\"article:modified_time\" content=\"2025-07-15T09:07:06+00:00\" \/>\n<meta property=\"og:image\" content=\"https:\/\/www.agrial.com\/wp-content\/uploads\/2022\/05\/fr-agrial-cmjn-n70-e1679563119540.png\" \/>\n\t<meta property=\"og:image:width\" content=\"1993\" \/>\n\t<meta property=\"og:image:height\" content=\"1389\" \/>\n\t<meta property=\"og:image:type\" content=\"image\/png\" \/>\n<meta name=\"twitter:card\" content=\"summary_large_image\" \/>\n<meta name=\"twitter:title\" content=\"Notre impact - Agrial\" \/>\n<meta name=\"twitter:description\" content=\"D\u00e9couvrez l&#039;impact et les engagements d&#039;Agrial, groupe coop\u00e9ratif agricole et agroalimentaire fran\u00e7ais, en faveur du d\u00e9veloppement durable.\" \/>\n<meta name=\"twitter:image\" content=\"https:\/\/www.agrial.com\/wp-content\/uploads\/2022\/05\/fr-agrial-cmjn-n70-e1679563119540.png\" \/>\n<script type=\"application\/ld+json\" class=\"yoast-schema-graph\">{\"@context\":\"https:\/\/schema.org\",\"@graph\":[{\"@type\":\"WebPage\",\"@id\":\"https:\/\/www.agrial.com\/es\/nuestros-compromisos-agrial-cooperativa-agricola-y-agroalimentaria\/\",\"url\":\"https:\/\/www.agrial.com\/es\/nuestros-compromisos-agrial-cooperativa-agricola-y-agroalimentaria\/\",\"name\":\"Nuestros compromisos - Agrial\",\"isPartOf\":{\"@id\":\"https:\/\/www.agrial.com\/#website\"},\"datePublished\":\"2022-03-29T07:40:33+00:00\",\"dateModified\":\"2025-07-15T09:07:06+00:00\",\"description\":\"M\u00e1s informaci\u00f3n sobre el impacto y los compromisos de Agrial, el grupo cooperativo agr\u00edcola y agroalimentario franc\u00e9s.\",\"breadcrumb\":{\"@id\":\"https:\/\/www.agrial.com\/es\/nuestros-compromisos-agrial-cooperativa-agricola-y-agroalimentaria\/#breadcrumb\"},\"inLanguage\":\"es\",\"potentialAction\":[{\"@type\":\"ReadAction\",\"target\":[\"https:\/\/www.agrial.com\/es\/nuestros-compromisos-agrial-cooperativa-agricola-y-agroalimentaria\/\"]}]},{\"@type\":\"BreadcrumbList\",\"@id\":\"https:\/\/www.agrial.com\/es\/nuestros-compromisos-agrial-cooperativa-agricola-y-agroalimentaria\/#breadcrumb\",\"itemListElement\":[{\"@type\":\"ListItem\",\"position\":1,\"name\":\"Accueil\",\"item\":\"https:\/\/www.agrial.com\/es\/\"},{\"@type\":\"ListItem\",\"position\":2,\"name\":\"Nuestros compromisos\"}]},{\"@type\":\"WebSite\",\"@id\":\"https:\/\/www.agrial.com\/#website\",\"url\":\"https:\/\/www.agrial.com\/\",\"name\":\"Agrial\",\"description\":\"Groupe coop\u00e9ratif agricole et agroalimentaire\",\"publisher\":{\"@id\":\"https:\/\/www.agrial.com\/#organization\"},\"potentialAction\":[{\"@type\":\"SearchAction\",\"target\":{\"@type\":\"EntryPoint\",\"urlTemplate\":\"https:\/\/www.agrial.com\/?s={search_term_string}\"},\"query-input\":{\"@type\":\"PropertyValueSpecification\",\"valueRequired\":true,\"valueName\":\"search_term_string\"}}],\"inLanguage\":\"es\"},{\"@type\":\"Organization\",\"@id\":\"https:\/\/www.agrial.com\/#organization\",\"name\":\"Agrial\",\"url\":\"https:\/\/www.agrial.com\/\",\"logo\":{\"@type\":\"ImageObject\",\"inLanguage\":\"es\",\"@id\":\"https:\/\/www.agrial.com\/#\/schema\/logo\/image\/\",\"url\":\"https:\/\/www.agrial.com\/wp-content\/uploads\/2022\/05\/fr-agrial-cmjn-n70-e1679563119540.png\",\"contentUrl\":\"https:\/\/www.agrial.com\/wp-content\/uploads\/2022\/05\/fr-agrial-cmjn-n70-e1679563119540.png\",\"width\":1993,\"height\":1389,\"caption\":\"Agrial\"},\"image\":{\"@id\":\"https:\/\/www.agrial.com\/#\/schema\/logo\/image\/\"},\"sameAs\":[\"https:\/\/fr.linkedin.com\/company\/agrial\",\"https:\/\/www.youtube.com\/channel\/UCSwkJ6_4iEziLGZC_N7Y0dw\"]}]}<\/script>\n<!-- \/ Yoast SEO plugin. -->","yoast_head_json":{"title":"Nuestros compromisos - Agrial","description":"M\u00e1s informaci\u00f3n sobre el impacto y los compromisos de Agrial, el grupo cooperativo agr\u00edcola y agroalimentario franc\u00e9s.","robots":{"index":"index","follow":"follow","max-snippet":"max-snippet:-1","max-image-preview":"max-image-preview:large","max-video-preview":"max-video-preview:-1"},"canonical":"https:\/\/www.agrial.com\/es\/nuestros-compromisos-agrial-cooperativa-agricola-y-agroalimentaria\/","og_locale":"es_ES","og_type":"article","og_title":"Notre impact - Agrial","og_description":"D\u00e9couvrez l'impact et les engagements d'Agrial, groupe coop\u00e9ratif agricole et agroalimentaire fran\u00e7ais, en faveur du d\u00e9veloppement durable.","og_url":"https:\/\/www.agrial.com\/es\/nuestros-compromisos-agrial-cooperativa-agricola-y-agroalimentaria\/","og_site_name":"Agrial","article_modified_time":"2025-07-15T09:07:06+00:00","og_image":[{"width":1993,"height":1389,"url":"https:\/\/www.agrial.com\/wp-content\/uploads\/2022\/05\/fr-agrial-cmjn-n70-e1679563119540.png","type":"image\/png"}],"twitter_card":"summary_large_image","twitter_title":"Notre impact - Agrial","twitter_description":"D\u00e9couvrez l'impact et les engagements d'Agrial, groupe coop\u00e9ratif agricole et agroalimentaire fran\u00e7ais, en faveur du d\u00e9veloppement durable.","twitter_image":"https:\/\/www.agrial.com\/wp-content\/uploads\/2022\/05\/fr-agrial-cmjn-n70-e1679563119540.png","schema":{"@context":"https:\/\/schema.org","@graph":[{"@type":"WebPage","@id":"https:\/\/www.agrial.com\/es\/nuestros-compromisos-agrial-cooperativa-agricola-y-agroalimentaria\/","url":"https:\/\/www.agrial.com\/es\/nuestros-compromisos-agrial-cooperativa-agricola-y-agroalimentaria\/","name":"Nuestros compromisos - Agrial","isPartOf":{"@id":"https:\/\/www.agrial.com\/#website"},"datePublished":"2022-03-29T07:40:33+00:00","dateModified":"2025-07-15T09:07:06+00:00","description":"M\u00e1s informaci\u00f3n sobre el impacto y los compromisos de Agrial, el grupo cooperativo agr\u00edcola y agroalimentario franc\u00e9s.","breadcrumb":{"@id":"https:\/\/www.agrial.com\/es\/nuestros-compromisos-agrial-cooperativa-agricola-y-agroalimentaria\/#breadcrumb"},"inLanguage":"es","potentialAction":[{"@type":"ReadAction","target":["https:\/\/www.agrial.com\/es\/nuestros-compromisos-agrial-cooperativa-agricola-y-agroalimentaria\/"]}]},{"@type":"BreadcrumbList","@id":"https:\/\/www.agrial.com\/es\/nuestros-compromisos-agrial-cooperativa-agricola-y-agroalimentaria\/#breadcrumb","itemListElement":[{"@type":"ListItem","position":1,"name":"Accueil","item":"https:\/\/www.agrial.com\/es\/"},{"@type":"ListItem","position":2,"name":"Nuestros compromisos"}]},{"@type":"WebSite","@id":"https:\/\/www.agrial.com\/#website","url":"https:\/\/www.agrial.com\/","name":"Agrial","description":"Groupe coop\u00e9ratif agricole et agroalimentaire","publisher":{"@id":"https:\/\/www.agrial.com\/#organization"},"potentialAction":[{"@type":"SearchAction","target":{"@type":"EntryPoint","urlTemplate":"https:\/\/www.agrial.com\/?s={search_term_string}"},"query-input":{"@type":"PropertyValueSpecification","valueRequired":true,"valueName":"search_term_string"}}],"inLanguage":"es"},{"@type":"Organization","@id":"https:\/\/www.agrial.com\/#organization","name":"Agrial","url":"https:\/\/www.agrial.com\/","logo":{"@type":"ImageObject","inLanguage":"es","@id":"https:\/\/www.agrial.com\/#\/schema\/logo\/image\/","url":"https:\/\/www.agrial.com\/wp-content\/uploads\/2022\/05\/fr-agrial-cmjn-n70-e1679563119540.png","contentUrl":"https:\/\/www.agrial.com\/wp-content\/uploads\/2022\/05\/fr-agrial-cmjn-n70-e1679563119540.png","width":1993,"height":1389,"caption":"Agrial"},"image":{"@id":"https:\/\/www.agrial.com\/#\/schema\/logo\/image\/"},"sameAs":["https:\/\/fr.linkedin.com\/company\/agrial","https:\/\/www.youtube.com\/channel\/UCSwkJ6_4iEziLGZC_N7Y0dw"]}]}},"_links":{"self":[{"href":"https:\/\/www.agrial.com\/es\/wp-json\/wp\/v2\/pages\/17823","targetHints":{"allow":["GET"]}}],"collection":[{"href":"https:\/\/www.agrial.com\/es\/wp-json\/wp\/v2\/pages"}],"about":[{"href":"https:\/\/www.agrial.com\/es\/wp-json\/wp\/v2\/types\/page"}],"author":[{"embeddable":true,"href":"https:\/\/www.agrial.com\/es\/wp-json\/wp\/v2\/users\/1"}],"replies":[{"embeddable":true,"href":"https:\/\/www.agrial.com\/es\/wp-json\/wp\/v2\/comments?post=17823"}],"version-history":[{"count":20,"href":"https:\/\/www.agrial.com\/es\/wp-json\/wp\/v2\/pages\/17823\/revisions"}],"predecessor-version":[{"id":24731,"href":"https:\/\/www.agrial.com\/es\/wp-json\/wp\/v2\/pages\/17823\/revisions\/24731"}],"wp:attachment":[{"href":"https:\/\/www.agrial.com\/es\/wp-json\/wp\/v2\/media?parent=17823"}],"curies":[{"name":"wp","href":"https:\/\/api.w.org\/{rel}","templated":true}]}}