{"id":18277,"date":"2022-03-14T19:37:12","date_gmt":"2022-03-14T18:37:12","guid":{"rendered":"https:\/\/www.agrial.com\/conditions-generales-dutilisation-agrial-cooperative-agricole-et-agroalimentaire\/"},"modified":"2024-04-18T17:42:11","modified_gmt":"2024-04-18T15:42:11","slug":"condiciones-generales-de-uso-agrial-cooperativa-agricola-y-agroalimentaria","status":"publish","type":"page","link":"https:\/\/www.agrial.com\/es\/condiciones-generales-de-uso-agrial-cooperativa-agricola-y-agroalimentaria\/","title":{"rendered":"Condiciones Generales de Uso"},"content":{"rendered":"<p>La empresa cooperativa agr\u00edcola y agroalimentaria AGRIAL (en lo sucesivo, \u00abAGRIAL\u00bb) es la titular y editora del sitio web <span style=\"color: #ec6608;\"><a style=\"color: #ec6608;\" href=\"http:\/\/www.agrial.com\" target=\"_blank\" rel=\"noopener\">www.agrial.com<\/a> <\/span>(de ahora en adelante, el \u00absitio web\u00bb), en el cual ofrece informaci\u00f3n para fines puramente informativos y se esfuerza por controlar su exactitud y mantenerlo actualizado.<\/p>\n<p>Sin embargo, AGRIAL no puede garantizar la exactitud, precisi\u00f3n, actualizaci\u00f3n o exhaustividad de la informaci\u00f3n comunicada.<\/p>\n<p>AGRIAL se reserva el derecho de modificar el contenido, interrumpir funciones o suspender en cualquier momento el sitio web, ya sea total o parcialmente, sin que pueda imput\u00e1rsele responsabilidad alguna.<\/p>\n<h2><span style=\"color: #ec6608;\">Gesti\u00f3n de cookies<br \/>\n<\/span><\/h2>\n<p>Algunas funciones de este sitio web requieren el uso de cookies. Para saber qu\u00e9 es una cookie, consulte la p\u00e1gina dedicada a ello en el <span style=\"color: #ec6608;\"><a style=\"color: #ec6608;\" href=\"https:\/\/www.cnil.fr\/fr\/cookies-et-autres-traceurs\/definitions\"><u>sitio web de la CNIL<\/u>. <\/a>\u00a0<\/span><\/p>\n<p>Las preferencias en materia de cookies pueden configurarse <span style=\"color: #ec6608;\"><a style=\"color: #ec6608;\" href=\"https:\/\/www.agrial.com\/es\/politique-de-gestion-des-cookies-agrial-cooperative-agricole-et-agroalimentaire\/\" target=\"_blank\" rel=\"noopener\"><u>aqu\u00ed<\/u><\/a><\/span>.<\/p>\n<h2><span style=\"color: #ec6608;\">Gesti\u00f3n de datos personales<br \/>\n<\/span><\/h2>\n<p>AGRIAL recopila datos personales de los internautas con la finalidad de gestionar la contrataci\u00f3n. Se puede consultar m\u00e1s informaci\u00f3n sobre la gesti\u00f3n de datos personales y los derechos inherentes en <strong>la pol\u00edtica de protecci\u00f3n de datos<\/strong>.<\/p>\n<h2><span style=\"color: #ec6608;\">Enlaces a otras p\u00e1ginas web y funciones particulares<br \/>\n<\/span><\/h2>\n<p>Con el fin de facilitar el acceso a otras p\u00e1ginas web, AGRIAL se reserva la posibilidad de introducir un determinado n\u00famero de enlaces hacia p\u00e1ginas web de terceros. No obstante, AGRIAL no se hace responsable de la indisponibilidad de dichas p\u00e1ginas web de terceros, de su contenido, publicidad o cualquier elemento disponible en ellas.<\/p>\n<h2><span style=\"color: #ec6608;\">Propiedad intelectual <\/span><\/h2>\n<p>En calidad de editor del sitio web, AGRIAL es el titular de todos los derechos de propiedad intelectual relativos a este sitio web. Este sitio web y todo su contenido (fotos, logotipos, marcas y cualquier otra informaci\u00f3n que incluya) est\u00e1n protegidos por derechos de autor. Al conectarse a este sitio web, el internauta obtiene una simple autorizaci\u00f3n de visualizaci\u00f3n, pero no tiene derecho a reutilizar todo o parte del contenido del sitio web por cualquier motivo.<\/p>\n<p>De conformidad con la legislaci\u00f3n relativa a los derechos de propiedad literaria y art\u00edstica, se proh\u00edbe la reproducci\u00f3n, representaci\u00f3n y modificaci\u00f3n, total o parcialmente, de los elementos que componen el sitio web.<\/p>\n<p>Quedan reservados los derechos de reproducci\u00f3n, incluso para los documentos descargables (logotipos, fotos o cualquier otra informaci\u00f3n o elemento). Los documentos descargables tambi\u00e9n est\u00e1n protegidos por derechos de autor. Los l\u00edmites de utilizaci\u00f3n de estos documentos aparecen indicados en las p\u00e1ginas correspondientes del sitio web.<\/p>\n<p>Queda prohibido a empresas ajenas la representaci\u00f3n total o parcial del sitio web sin el consentimiento expreso de AGRIAL (Servicio de Comunicaci\u00f3n, <span style=\"color: #ec6608;\"><a style=\"color: #ec6608;\" href=\"http:\/\/www.agrial.com\" target=\"_blank\" rel=\"noopener\">www.agrial.com<\/a><\/span>, <span style=\"color: #ec6608;\"><a style=\"color: #ec6608;\" href=\"mailto:contact@agrial.com\">contact@agrial.com<\/a><\/span>), porque constituye una infracci\u00f3n sancionable por los art\u00edculos L.335-2 y siguientes del C\u00f3digo franc\u00e9s de la Propiedad Intelectual, al igual que las bases de datos que figuren en el sitio web, en su caso, porque est\u00e1n protegidas por las disposiciones de la ley francesa del 1 de julio de 1998, de transposici\u00f3n en el C\u00f3digo de Propiedad Intelectual de la directiva europea del 11 de marzo de 1996 relativa a la protecci\u00f3n jur\u00eddica de las bases de datos.<\/p>\n<p>Las marcas y nombres de productos mencionados son marcas patentadas por AGRIAL, que ostenta su titularidad.<\/p>\n<p>Del mismo modo, toda grabaci\u00f3n, difusi\u00f3n, traducci\u00f3n o adaptaci\u00f3n del sitio web, total o parcialmente, est\u00e1n prohibidas y comprometen la responsabilidad del internauta.<\/p>\n<h2><span style=\"color: #ec6608;\">Exclusi\u00f3n de responsabilidad<\/span><\/h2>\n<p>AGRIAL se exime de toda responsabilidad por los da\u00f1os ocasionados a los internautas durante su conexi\u00f3n al sitio web que resulten de la aparici\u00f3n de un error o incompatibilidad. El acceso al sitio web se efect\u00faa bajo la entera responsabilidad del internauta.<\/p>\n<p>En consecuencia, AGRIAL no ser\u00e1 responsable de ning\u00fan da\u00f1o directo o indirecto resultante de una interrupci\u00f3n o mal funcionamiento de cualquier tipo y por cualquier motivo, ni de ning\u00fan da\u00f1o directo o indirecto resultante de una conexi\u00f3n al sitio web. Es responsabilidad de los internautas adoptar todas las medidas adecuadas para proteger sus propios datos o programas almacenados en sus equipos inform\u00e1ticos contra cualquier ataque. Los internautas son enteramente responsables de su conexi\u00f3n al sitio web.<\/p>\n<p>Por consiguiente, AGRIAL declina toda responsabilidad por los incidentes o accidentes que puedan producirse durante la conexi\u00f3n al sitio web y excluye toda garant\u00eda al respecto.<\/p>\n<p>La conexi\u00f3n al sitio web implica el conocimiento y la aceptaci\u00f3n de las caracter\u00edsticas y limitaciones de Internet, en particular en lo que respecta a las prestaciones t\u00e9cnicas, los plazos de respuesta para consultar, preguntar o transferir informaci\u00f3n, los riesgos de interrupci\u00f3n y, de forma m\u00e1s general, los riesgos inherentes a toda conexi\u00f3n y transmisi\u00f3n en Internet, la falta de protecci\u00f3n de determinados datos contra una posible apropiaci\u00f3n indebida y los riesgos de contaminaci\u00f3n por posibles virus que circulen por la red. En consecuencia, AGRIAL no ser\u00e1 responsable en ning\u00fan caso de los siguientes hechos, entre otros:<\/p>\n<ul>\n<li>transmisi\u00f3n o recepci\u00f3n de datos o informaci\u00f3n en Internet;<\/li>\n<li>fallos de funcionamiento de la red Internet que impida la conexi\u00f3n al sitio web;<\/li>\n<li>fallos de cualquier equipo de recepci\u00f3n o de las l\u00edneas de comunicaci\u00f3n;<\/li>\n<li>p\u00e9rdida de correo en papel o electr\u00f3nico y, m\u00e1s ampliamente, de la p\u00e9rdida de datos;<\/li>\n<li>funcionamiento de cualquier software;<\/li>\n<li>consecuencias de cualquier virus, error inform\u00e1tico, anomal\u00eda o fallo t\u00e9cnico;<\/li>\n<li>da\u00f1os causados en el ordenador de un internauta;<\/li>\n<li>fallo t\u00e9cnico, material o inform\u00e1tico de cualquier naturaleza que impida o limite la posibilidad de conectarse al sitio web o el sitio JobBooster de AGRIAL, desarrollado por Cornerstone y accesible desde la direcci\u00f3n <span style=\"color: #ec6608;\"><a style=\"color: #ec6608;\" href=\"https:\/\/agrial.csod.com\" target=\"_blank\" rel=\"noopener\">https:\/\/agrial.csod.com<\/a><\/span>, al que se puede acceder desde el sitio web.<\/li>\n<\/ul>\n<h2><span style=\"color: #ec6608;\">Derecho aplicable<\/span><\/h2>\n<p>El sitio web y su contenido son conformes con los derechos y las normas aplicables en Francia. Aunque es accesible para otros internautas, el sitio web y su contenido est\u00e1n destinados al acceso y la utilizaci\u00f3n por parte de residentes en Francia.<\/p>\n","protected":false},"excerpt":{"rendered":"<p>La empresa cooperativa agr\u00edcola y agroalimentaria AGRIAL (en lo sucesivo, \u00abAGRIAL\u00bb) es la titular y editora del sitio web www.agrial.com (de ahora en adelante, el \u00absitio web\u00bb), en el cual ofrece informaci\u00f3n para fines puramente informativos y se esfuerza por controlar su exactitud y mantenerlo actualizado. Sin embargo, AGRIAL no puede garantizar la exactitud, precisi\u00f3n, [&hellip;]<\/p>\n","protected":false},"author":1,"featured_media":0,"parent":0,"menu_order":100,"comment_status":"closed","ping_status":"closed","template":"","meta":{"_acf_changed":false,"inline_featured_image":false,"footnotes":""},"class_list":["post-18277","page","type-page","status-publish","hentry"],"acf":[],"yoast_head":"<!-- This site is optimized with the Yoast SEO plugin v26.7 - https:\/\/yoast.com\/wordpress\/plugins\/seo\/ -->\n<title>Condiciones Generales de Uso - Agrial<\/title>\n<meta name=\"description\" content=\"Agrial, grupo cooperativo agr\u00edcola y agroalimentario franc\u00e9s, apoya diariamente a sus socios agricultores, del campo al plato.\" \/>\n<meta name=\"robots\" content=\"index, follow, max-snippet:-1, max-image-preview:large, max-video-preview:-1\" \/>\n<link rel=\"canonical\" href=\"https:\/\/www.agrial.com\/es\/condiciones-generales-de-uso-agrial-cooperativa-agricola-y-agroalimentaria\/\" \/>\n<meta property=\"og:locale\" content=\"es_ES\" \/>\n<meta property=\"og:type\" content=\"article\" \/>\n<meta property=\"og:title\" content=\"Condiciones Generales de Uso - Agrial\" \/>\n<meta property=\"og:description\" content=\"Agrial, grupo cooperativo agr\u00edcola y agroalimentario franc\u00e9s, apoya diariamente a sus socios agricultores, del campo al plato.\" \/>\n<meta property=\"og:url\" content=\"https:\/\/www.agrial.com\/es\/condiciones-generales-de-uso-agrial-cooperativa-agricola-y-agroalimentaria\/\" \/>\n<meta property=\"og:site_name\" content=\"Agrial\" \/>\n<meta property=\"article:modified_time\" content=\"2024-04-18T15:42:11+00:00\" \/>\n<meta property=\"og:image\" content=\"https:\/\/www.agrial.com\/wp-content\/uploads\/2022\/05\/fr-agrial-cmjn-n70-e1679563119540.png\" \/>\n\t<meta property=\"og:image:width\" content=\"1993\" \/>\n\t<meta property=\"og:image:height\" content=\"1389\" \/>\n\t<meta property=\"og:image:type\" content=\"image\/png\" \/>\n<meta name=\"twitter:card\" content=\"summary_large_image\" \/>\n<meta name=\"twitter:label1\" content=\"Tiempo de lectura\" \/>\n\t<meta name=\"twitter:data1\" content=\"5 minutos\" \/>\n<script type=\"application\/ld+json\" class=\"yoast-schema-graph\">{\"@context\":\"https:\/\/schema.org\",\"@graph\":[{\"@type\":\"WebPage\",\"@id\":\"https:\/\/www.agrial.com\/es\/condiciones-generales-de-uso-agrial-cooperativa-agricola-y-agroalimentaria\/\",\"url\":\"https:\/\/www.agrial.com\/es\/condiciones-generales-de-uso-agrial-cooperativa-agricola-y-agroalimentaria\/\",\"name\":\"Condiciones Generales de Uso - Agrial\",\"isPartOf\":{\"@id\":\"https:\/\/www.agrial.com\/#website\"},\"datePublished\":\"2022-03-14T18:37:12+00:00\",\"dateModified\":\"2024-04-18T15:42:11+00:00\",\"description\":\"Agrial, grupo cooperativo agr\u00edcola y agroalimentario franc\u00e9s, apoya diariamente a sus socios agricultores, del campo al plato.\",\"breadcrumb\":{\"@id\":\"https:\/\/www.agrial.com\/es\/condiciones-generales-de-uso-agrial-cooperativa-agricola-y-agroalimentaria\/#breadcrumb\"},\"inLanguage\":\"es\",\"potentialAction\":[{\"@type\":\"ReadAction\",\"target\":[\"https:\/\/www.agrial.com\/es\/condiciones-generales-de-uso-agrial-cooperativa-agricola-y-agroalimentaria\/\"]}]},{\"@type\":\"BreadcrumbList\",\"@id\":\"https:\/\/www.agrial.com\/es\/condiciones-generales-de-uso-agrial-cooperativa-agricola-y-agroalimentaria\/#breadcrumb\",\"itemListElement\":[{\"@type\":\"ListItem\",\"position\":1,\"name\":\"Accueil\",\"item\":\"https:\/\/www.agrial.com\/es\/\"},{\"@type\":\"ListItem\",\"position\":2,\"name\":\"Condiciones Generales de Uso\"}]},{\"@type\":\"WebSite\",\"@id\":\"https:\/\/www.agrial.com\/#website\",\"url\":\"https:\/\/www.agrial.com\/\",\"name\":\"Agrial\",\"description\":\"Groupe coop\u00e9ratif agricole et agroalimentaire\",\"publisher\":{\"@id\":\"https:\/\/www.agrial.com\/#organization\"},\"potentialAction\":[{\"@type\":\"SearchAction\",\"target\":{\"@type\":\"EntryPoint\",\"urlTemplate\":\"https:\/\/www.agrial.com\/?s={search_term_string}\"},\"query-input\":{\"@type\":\"PropertyValueSpecification\",\"valueRequired\":true,\"valueName\":\"search_term_string\"}}],\"inLanguage\":\"es\"},{\"@type\":\"Organization\",\"@id\":\"https:\/\/www.agrial.com\/#organization\",\"name\":\"Agrial\",\"url\":\"https:\/\/www.agrial.com\/\",\"logo\":{\"@type\":\"ImageObject\",\"inLanguage\":\"es\",\"@id\":\"https:\/\/www.agrial.com\/#\/schema\/logo\/image\/\",\"url\":\"https:\/\/www.agrial.com\/wp-content\/uploads\/2022\/05\/fr-agrial-cmjn-n70-e1679563119540.png\",\"contentUrl\":\"https:\/\/www.agrial.com\/wp-content\/uploads\/2022\/05\/fr-agrial-cmjn-n70-e1679563119540.png\",\"width\":1993,\"height\":1389,\"caption\":\"Agrial\"},\"image\":{\"@id\":\"https:\/\/www.agrial.com\/#\/schema\/logo\/image\/\"},\"sameAs\":[\"https:\/\/fr.linkedin.com\/company\/agrial\",\"https:\/\/www.youtube.com\/channel\/UCSwkJ6_4iEziLGZC_N7Y0dw\"]}]}<\/script>\n<!-- \/ Yoast SEO plugin. -->","yoast_head_json":{"title":"Condiciones Generales de Uso - Agrial","description":"Agrial, grupo cooperativo agr\u00edcola y agroalimentario franc\u00e9s, apoya diariamente a sus socios agricultores, del campo al plato.","robots":{"index":"index","follow":"follow","max-snippet":"max-snippet:-1","max-image-preview":"max-image-preview:large","max-video-preview":"max-video-preview:-1"},"canonical":"https:\/\/www.agrial.com\/es\/condiciones-generales-de-uso-agrial-cooperativa-agricola-y-agroalimentaria\/","og_locale":"es_ES","og_type":"article","og_title":"Condiciones Generales de Uso - Agrial","og_description":"Agrial, grupo cooperativo agr\u00edcola y agroalimentario franc\u00e9s, apoya diariamente a sus socios agricultores, del campo al plato.","og_url":"https:\/\/www.agrial.com\/es\/condiciones-generales-de-uso-agrial-cooperativa-agricola-y-agroalimentaria\/","og_site_name":"Agrial","article_modified_time":"2024-04-18T15:42:11+00:00","og_image":[{"width":1993,"height":1389,"url":"https:\/\/www.agrial.com\/wp-content\/uploads\/2022\/05\/fr-agrial-cmjn-n70-e1679563119540.png","type":"image\/png"}],"twitter_card":"summary_large_image","twitter_misc":{"Tiempo de lectura":"5 minutos"},"schema":{"@context":"https:\/\/schema.org","@graph":[{"@type":"WebPage","@id":"https:\/\/www.agrial.com\/es\/condiciones-generales-de-uso-agrial-cooperativa-agricola-y-agroalimentaria\/","url":"https:\/\/www.agrial.com\/es\/condiciones-generales-de-uso-agrial-cooperativa-agricola-y-agroalimentaria\/","name":"Condiciones Generales de Uso - Agrial","isPartOf":{"@id":"https:\/\/www.agrial.com\/#website"},"datePublished":"2022-03-14T18:37:12+00:00","dateModified":"2024-04-18T15:42:11+00:00","description":"Agrial, grupo cooperativo agr\u00edcola y agroalimentario franc\u00e9s, apoya diariamente a sus socios agricultores, del campo al plato.","breadcrumb":{"@id":"https:\/\/www.agrial.com\/es\/condiciones-generales-de-uso-agrial-cooperativa-agricola-y-agroalimentaria\/#breadcrumb"},"inLanguage":"es","potentialAction":[{"@type":"ReadAction","target":["https:\/\/www.agrial.com\/es\/condiciones-generales-de-uso-agrial-cooperativa-agricola-y-agroalimentaria\/"]}]},{"@type":"BreadcrumbList","@id":"https:\/\/www.agrial.com\/es\/condiciones-generales-de-uso-agrial-cooperativa-agricola-y-agroalimentaria\/#breadcrumb","itemListElement":[{"@type":"ListItem","position":1,"name":"Accueil","item":"https:\/\/www.agrial.com\/es\/"},{"@type":"ListItem","position":2,"name":"Condiciones Generales de Uso"}]},{"@type":"WebSite","@id":"https:\/\/www.agrial.com\/#website","url":"https:\/\/www.agrial.com\/","name":"Agrial","description":"Groupe coop\u00e9ratif agricole et agroalimentaire","publisher":{"@id":"https:\/\/www.agrial.com\/#organization"},"potentialAction":[{"@type":"SearchAction","target":{"@type":"EntryPoint","urlTemplate":"https:\/\/www.agrial.com\/?s={search_term_string}"},"query-input":{"@type":"PropertyValueSpecification","valueRequired":true,"valueName":"search_term_string"}}],"inLanguage":"es"},{"@type":"Organization","@id":"https:\/\/www.agrial.com\/#organization","name":"Agrial","url":"https:\/\/www.agrial.com\/","logo":{"@type":"ImageObject","inLanguage":"es","@id":"https:\/\/www.agrial.com\/#\/schema\/logo\/image\/","url":"https:\/\/www.agrial.com\/wp-content\/uploads\/2022\/05\/fr-agrial-cmjn-n70-e1679563119540.png","contentUrl":"https:\/\/www.agrial.com\/wp-content\/uploads\/2022\/05\/fr-agrial-cmjn-n70-e1679563119540.png","width":1993,"height":1389,"caption":"Agrial"},"image":{"@id":"https:\/\/www.agrial.com\/#\/schema\/logo\/image\/"},"sameAs":["https:\/\/fr.linkedin.com\/company\/agrial","https:\/\/www.youtube.com\/channel\/UCSwkJ6_4iEziLGZC_N7Y0dw"]}]}},"_links":{"self":[{"href":"https:\/\/www.agrial.com\/es\/wp-json\/wp\/v2\/pages\/18277","targetHints":{"allow":["GET"]}}],"collection":[{"href":"https:\/\/www.agrial.com\/es\/wp-json\/wp\/v2\/pages"}],"about":[{"href":"https:\/\/www.agrial.com\/es\/wp-json\/wp\/v2\/types\/page"}],"author":[{"embeddable":true,"href":"https:\/\/www.agrial.com\/es\/wp-json\/wp\/v2\/users\/1"}],"replies":[{"embeddable":true,"href":"https:\/\/www.agrial.com\/es\/wp-json\/wp\/v2\/comments?post=18277"}],"version-history":[{"count":3,"href":"https:\/\/www.agrial.com\/es\/wp-json\/wp\/v2\/pages\/18277\/revisions"}],"predecessor-version":[{"id":18296,"href":"https:\/\/www.agrial.com\/es\/wp-json\/wp\/v2\/pages\/18277\/revisions\/18296"}],"wp:attachment":[{"href":"https:\/\/www.agrial.com\/es\/wp-json\/wp\/v2\/media?parent=18277"}],"curies":[{"name":"wp","href":"https:\/\/api.w.org\/{rel}","templated":true}]}}