{"id":18282,"date":"2022-03-11T10:09:55","date_gmt":"2022-03-11T09:09:55","guid":{"rendered":"https:\/\/www.agrial.com\/politique-de-protection-des-donnees-agrial-cooperative-agricole-et-agroalimentaire\/"},"modified":"2024-04-23T17:25:44","modified_gmt":"2024-04-23T15:25:44","slug":"politica-de-proteccion-de-datos-agrial-cooperativa-agricola-y-agroalimentaria","status":"publish","type":"page","link":"https:\/\/www.agrial.com\/es\/politica-de-proteccion-de-datos-agrial-cooperativa-agricola-y-agroalimentaria\/","title":{"rendered":"Pol\u00edtica de protecci\u00f3n de datos"},"content":{"rendered":"\r\n<p>&nbsp;<\/p>\r\n<p>La presente pol\u00edtica de protecci\u00f3n de datos tiene la finalidad de explicar c\u00f3mo se utilizan los datos personales que se recopilan en esta p\u00e1gina web por parte de Agrial, que es el responsable del tratamiento. M\u00e1s informaci\u00f3n sobre Agrial en el <span style=\"color: #ec6608;\"><a style=\"color: #ec6608;\" href=\"https:\/\/www.agrial.com\/es\/aviso-legal-agrial-cooperativa-agricola-y-agroalimentaria\/\" target=\"_blank\" rel=\"noopener\">aviso legal<\/a><\/span>.<\/p>\r\n<h2 class=\"wp-block-heading\"><span style=\"color: #ec6608;\">Datos de conexi\u00f3n e identificaci\u00f3n <\/span><\/h2>\r\n<p aria-level=\"3\"><span style=\"text-decoration: underline;\"><strong>Seguridad del sitio web<\/strong> <\/span><\/p>\r\n<p>Es posible que necesitemos conservar rastros inform\u00e1ticos de la visita de internautas a nuestro sitio web para prevenir y detectar incidentes de seguridad y para proteger los datos personales de dichos internautas y nuestros sistemas de informaci\u00f3n. La base jur\u00eddica de este tratamiento de datos es el inter\u00e9s leg\u00edtimo (art\u00edculo 6.1.f del RGPD).<\/p>\r\n<p>Los registros de conexi\u00f3n se conservan durante un periodo de 6\u00a0meses a partir de la fecha de actividad.<\/p>\r\n<h2><span style=\"color: #ec6608;\">Formulario de candidatura<\/span><\/h2>\r\n<p>Los datos personales recogidos en el formulario quedan registrados en un fichero inform\u00e1tico. La base jur\u00eddica de este tratamiento es la ejecuci\u00f3n de medidas precontractuales (art\u00edculo 6.1.b del RGPD).<\/p>\r\n<p>En los campos del formulario se\u00f1alados con un asterisco, es obligatorio proporcionar los datos solicitados. En su defecto, no se podr\u00e1 tener en cuenta la candidatura.<\/p>\r\n<p>Los datos personales recopilados se transmitir\u00e1n \u00fanicamente a los siguientes destinatarios: servicio de contrataci\u00f3n de la Direcci\u00f3n de Recursos Humanos, en su caso al gerente del equipo de contrataci\u00f3n.<\/p>\r\n<p>La herramienta que permite gestionar la contrataci\u00f3n es una herramienta SaaS, editada por una empresa de derecho estadounidense (Cornerstone) y alojada en el territorio de la Uni\u00f3n Europea.<\/p>\r\n<p><span style=\"text-decoration: underline;\"><strong>Duraci\u00f3n de conservaci\u00f3n de los datos<\/strong><\/span><\/p>\r\n<ul>\r\n<li>Para las candidaturas a vacantes situadas en Francia: el perfil de los candidatos y los datos introducidos en el espacio personal ser\u00e1n anonimizados en un plazo de dos (2) a\u00f1os tras el tratamiento de la candidatura.<\/li>\r\n<li>Para las candidaturas a vacantes en el extranjero: el perfil de los candidatos y los datos introducidos en el espacio personal ser\u00e1n anonimizados en un plazo de seis (6) meses tras el tratamiento de la candidatura.<\/li>\r\n<li>En cualquier caso, los candidatos pueden solicitar en cualquier momento la eliminaci\u00f3n de su perfil y de los datos asociados de su espacio personal pulsando en \u00abDesactivar y anonimizar mi perfil\u00bb.<\/li>\r\n<\/ul>\r\n<h2><span style=\"color: #ec6608;\"><strong>Formulario de contacto<\/strong><\/span><\/h2>\r\n<p>Los datos personales recogidos en el formulario quedan registrados en un fichero inform\u00e1tico. La base jur\u00eddica del tratamiento es el consentimiento (art\u00edculo 6.1.a del RGPD).<\/p>\r\n<p>En los campos del cuestionario se\u00f1alados con un asterisco, es obligatorio proporcionar los datos solicitados. En caso contrario, no se podr\u00e1 gestionar ni tratar la solicitud.<\/p>\r\n<h2><span style=\"color: #ec6608;\">Solicitud de adhesi\u00f3n a la cooperativa<\/span><\/h2>\r\n<p>Los datos personales recogidos en el formulario quedan registrados en un fichero inform\u00e1tico. La base jur\u00eddica de este tratamiento es la ejecuci\u00f3n de medidas precontractuales (art\u00edculo 6.1.b del RGPD).<\/p>\r\n<p>En los campos del cuestionario se\u00f1alados con un asterisco, es obligatorio proporcionar los datos solicitados. En su defecto, no se podr\u00e1 tener en cuenta la solicitud.<\/p>\r\n<p>&nbsp;<\/p>\r\n<h2 aria-level=\"1\"><span style=\"color: #ec6608;\">Precisiones sobre los destinatarios y la duraci\u00f3n de conservaci\u00f3n <\/span><\/h2>\r\n<p aria-level=\"2\"><strong><span style=\"text-decoration: underline;\">Autoridades p\u00fablicas y judiciales <\/span><\/strong><\/p>\r\n<p>Los datos personales podr\u00e1n ser tratados en el marco de la gesti\u00f3n de solicitudes de autoridades p\u00fablicas o judiciales o en el marco de comunicaciones con cualquier autoridad. La base jur\u00eddica de este tratamiento de datos es el inter\u00e9s leg\u00edtimo (art\u00edculo 6.1.f del RGPD).<\/p>\r\n<p>Los datos recopilados se transmitir\u00e1n, dentro del Grupo AGRIAL, a las personas responsables de atender las solicitudes o comunicaciones con las autoridades y a los servicios administrativos del Grupo AGRIAL, incluida la Direcci\u00f3n Jur\u00eddica, y podr\u00e1n compartirse con consultores, proveedores de servicios o subcontratistas.<\/p>\r\n<p>Estos datos se conservar\u00e1n durante todo el procedimiento con la autoridad correspondiente.<\/p>\r\n<p><span style=\"text-decoration: underline;\"><strong>Precisiones sobre la duraci\u00f3n de conservaci\u00f3n<\/strong><\/span><\/p>\r\n<p>Al t\u00e9rmino de los periodos de conservaci\u00f3n detallados para los tratamientos antemencionados, los datos personales se eliminar\u00e1n o se anonimizar\u00e1n. No obstante, esos datos personales podr\u00edan ser susceptibles de conservarse durante m\u00e1s tiempo en las bases de archivo \u00abintermedias\u00bb debido a obligaciones legales o plazos de prescripci\u00f3n legal aplicables o para salvaguardar los derechos de WOKINE hasta que se agoten las v\u00edas de recurso. Solo a partir de entonces se eliminar\u00e1n o anonimizar\u00e1n.<\/p>\r\n<h2><strong><span style=\"color: #ec6608;\">Derechos aplicables a los datos personales<\/span><br \/><\/strong><\/h2>\r\n<p>El internauta tiene derecho a acceder a sus datos personales, rectificarlos y solicitar su eliminaci\u00f3n o la limitaci\u00f3n del tratamiento. Cuando el uso de los datos personales haya requerido su consentimiento, el internauta tiene derecho a retirarlo en cualquier momento. En algunos casos, el internauta tambi\u00e9n tiene derecho a oponerse al tratamiento de sus datos o ejercer su derecho a solicitar la portabilidad de los datos.<\/p>\r\n<p>Para ejercer estos derechos o plantear alguna duda relativa al tratamiento de los datos, todo internauta puede dirigirse por correo electr\u00f3nico a la direcci\u00f3n<span style=\"color: #ec6608;\"> <a style=\"color: #ec6608;\" href=\"mailto:rgpd.groupe@agrial.com\">rgpd.groupe@agrial.com<\/a><\/span>.\u00a0<\/p>\r\n<p><strong>En caso de insatisfacci\u00f3n con respecto al tratamiento de una solicitud relativa a estos derechos, se puede interponer una reclamaci\u00f3n ante una autoridad de control pertinente, como la CNIL en Francia o la AEPD en Espa\u00f1a.<\/strong><\/p>\r\n<main id=\"App\" data-router-wrapper=\"\">\r\n<div data-router-view=\"page\" data-transition-in=\"default\"><header>\r\n<div>\r\n<h2><span style=\"color: #ec6608;\">Pol\u00edtica de gesti\u00f3n de cookies<\/span><\/h2>\r\n<\/div>\r\n<\/header>\r\n<div>\r\n<p>Algunas funciones de este sitio web requieren el uso de cookies. Para saber qu\u00e9 es una cookie, se puede consultar la gu\u00eda que publica la Agencia Espa\u00f1ola de Protecci\u00f3n de Datos (AEPD).<\/p>\r\n<p>Las preferencias en materia de cookies pueden configurarse <span style=\"color: #ec6608;\"><a style=\"color: #ec6608;\" href=\"https:\/\/www.agrial.com\/es\/politique-de-gestion-des-cookies-agrial-cooperative-agricole-et-agroalimentaire\/\" target=\"_blank\" rel=\"noopener\"><u>aqu\u00ed<\/u><\/a><\/span><strong>.<\/strong><\/p>\r\n<\/div>\r\n<\/div>\r\n<\/main>","protected":false},"excerpt":{"rendered":"<p>&nbsp; La presente pol\u00edtica de protecci\u00f3n de datos tiene la finalidad de explicar c\u00f3mo se utilizan los datos personales que se recopilan en esta p\u00e1gina web por parte de Agrial, que es el responsable del tratamiento. M\u00e1s informaci\u00f3n sobre Agrial en el aviso legal. Datos de conexi\u00f3n e identificaci\u00f3n Seguridad del sitio web Es posible [&hellip;]<\/p>\n","protected":false},"author":1,"featured_media":0,"parent":0,"menu_order":100,"comment_status":"closed","ping_status":"closed","template":"","meta":{"_acf_changed":false,"inline_featured_image":false,"footnotes":""},"class_list":["post-18282","page","type-page","status-publish","hentry"],"acf":[],"yoast_head":"<!-- This site is optimized with the Yoast SEO plugin v26.7 - https:\/\/yoast.com\/wordpress\/plugins\/seo\/ -->\n<title>Pol\u00edtica de protecci\u00f3n de datos - Agrial<\/title>\n<meta name=\"description\" content=\"Descubra la Pol\u00edtica de Protecci\u00f3n de Datos aplicada en el sitio institucional de Agrial, cooperativa agr\u00edcola y agroalimentaria.\" \/>\n<meta name=\"robots\" content=\"index, follow, max-snippet:-1, max-image-preview:large, max-video-preview:-1\" \/>\n<link rel=\"canonical\" href=\"https:\/\/www.agrial.com\/es\/politica-de-proteccion-de-datos-agrial-cooperativa-agricola-y-agroalimentaria\/\" \/>\n<meta property=\"og:locale\" content=\"es_ES\" \/>\n<meta property=\"og:type\" content=\"article\" \/>\n<meta property=\"og:title\" content=\"Pol\u00edtica de protecci\u00f3n de datos - Agrial\" \/>\n<meta property=\"og:description\" content=\"Descubra la Pol\u00edtica de Protecci\u00f3n de Datos aplicada en el sitio institucional de Agrial, cooperativa agr\u00edcola y agroalimentaria.\" \/>\n<meta property=\"og:url\" content=\"https:\/\/www.agrial.com\/es\/politica-de-proteccion-de-datos-agrial-cooperativa-agricola-y-agroalimentaria\/\" \/>\n<meta property=\"og:site_name\" content=\"Agrial\" \/>\n<meta property=\"article:modified_time\" content=\"2024-04-23T15:25:44+00:00\" \/>\n<meta property=\"og:image\" content=\"https:\/\/www.agrial.com\/wp-content\/uploads\/2022\/05\/fr-agrial-cmjn-n70-e1679563119540.png\" \/>\n\t<meta property=\"og:image:width\" content=\"1993\" \/>\n\t<meta property=\"og:image:height\" content=\"1389\" \/>\n\t<meta property=\"og:image:type\" content=\"image\/png\" \/>\n<meta name=\"twitter:card\" content=\"summary_large_image\" \/>\n<meta name=\"twitter:label1\" content=\"Tiempo de lectura\" \/>\n\t<meta name=\"twitter:data1\" content=\"5 minutos\" \/>\n<script type=\"application\/ld+json\" class=\"yoast-schema-graph\">{\"@context\":\"https:\/\/schema.org\",\"@graph\":[{\"@type\":\"WebPage\",\"@id\":\"https:\/\/www.agrial.com\/es\/politica-de-proteccion-de-datos-agrial-cooperativa-agricola-y-agroalimentaria\/\",\"url\":\"https:\/\/www.agrial.com\/es\/politica-de-proteccion-de-datos-agrial-cooperativa-agricola-y-agroalimentaria\/\",\"name\":\"Pol\u00edtica de protecci\u00f3n de datos - Agrial\",\"isPartOf\":{\"@id\":\"https:\/\/www.agrial.com\/#website\"},\"datePublished\":\"2022-03-11T09:09:55+00:00\",\"dateModified\":\"2024-04-23T15:25:44+00:00\",\"description\":\"Descubra la Pol\u00edtica de Protecci\u00f3n de Datos aplicada en el sitio institucional de Agrial, cooperativa agr\u00edcola y agroalimentaria.\",\"breadcrumb\":{\"@id\":\"https:\/\/www.agrial.com\/es\/politica-de-proteccion-de-datos-agrial-cooperativa-agricola-y-agroalimentaria\/#breadcrumb\"},\"inLanguage\":\"es\",\"potentialAction\":[{\"@type\":\"ReadAction\",\"target\":[\"https:\/\/www.agrial.com\/es\/politica-de-proteccion-de-datos-agrial-cooperativa-agricola-y-agroalimentaria\/\"]}]},{\"@type\":\"BreadcrumbList\",\"@id\":\"https:\/\/www.agrial.com\/es\/politica-de-proteccion-de-datos-agrial-cooperativa-agricola-y-agroalimentaria\/#breadcrumb\",\"itemListElement\":[{\"@type\":\"ListItem\",\"position\":1,\"name\":\"Accueil\",\"item\":\"https:\/\/www.agrial.com\/es\/\"},{\"@type\":\"ListItem\",\"position\":2,\"name\":\"Pol\u00edtica de protecci\u00f3n de datos\"}]},{\"@type\":\"WebSite\",\"@id\":\"https:\/\/www.agrial.com\/#website\",\"url\":\"https:\/\/www.agrial.com\/\",\"name\":\"Agrial\",\"description\":\"Groupe coop\u00e9ratif agricole et agroalimentaire\",\"publisher\":{\"@id\":\"https:\/\/www.agrial.com\/#organization\"},\"potentialAction\":[{\"@type\":\"SearchAction\",\"target\":{\"@type\":\"EntryPoint\",\"urlTemplate\":\"https:\/\/www.agrial.com\/?s={search_term_string}\"},\"query-input\":{\"@type\":\"PropertyValueSpecification\",\"valueRequired\":true,\"valueName\":\"search_term_string\"}}],\"inLanguage\":\"es\"},{\"@type\":\"Organization\",\"@id\":\"https:\/\/www.agrial.com\/#organization\",\"name\":\"Agrial\",\"url\":\"https:\/\/www.agrial.com\/\",\"logo\":{\"@type\":\"ImageObject\",\"inLanguage\":\"es\",\"@id\":\"https:\/\/www.agrial.com\/#\/schema\/logo\/image\/\",\"url\":\"https:\/\/www.agrial.com\/wp-content\/uploads\/2022\/05\/fr-agrial-cmjn-n70-e1679563119540.png\",\"contentUrl\":\"https:\/\/www.agrial.com\/wp-content\/uploads\/2022\/05\/fr-agrial-cmjn-n70-e1679563119540.png\",\"width\":1993,\"height\":1389,\"caption\":\"Agrial\"},\"image\":{\"@id\":\"https:\/\/www.agrial.com\/#\/schema\/logo\/image\/\"},\"sameAs\":[\"https:\/\/fr.linkedin.com\/company\/agrial\",\"https:\/\/www.youtube.com\/channel\/UCSwkJ6_4iEziLGZC_N7Y0dw\"]}]}<\/script>\n<!-- \/ Yoast SEO plugin. -->","yoast_head_json":{"title":"Pol\u00edtica de protecci\u00f3n de datos - Agrial","description":"Descubra la Pol\u00edtica de Protecci\u00f3n de Datos aplicada en el sitio institucional de Agrial, cooperativa agr\u00edcola y agroalimentaria.","robots":{"index":"index","follow":"follow","max-snippet":"max-snippet:-1","max-image-preview":"max-image-preview:large","max-video-preview":"max-video-preview:-1"},"canonical":"https:\/\/www.agrial.com\/es\/politica-de-proteccion-de-datos-agrial-cooperativa-agricola-y-agroalimentaria\/","og_locale":"es_ES","og_type":"article","og_title":"Pol\u00edtica de protecci\u00f3n de datos - Agrial","og_description":"Descubra la Pol\u00edtica de Protecci\u00f3n de Datos aplicada en el sitio institucional de Agrial, cooperativa agr\u00edcola y agroalimentaria.","og_url":"https:\/\/www.agrial.com\/es\/politica-de-proteccion-de-datos-agrial-cooperativa-agricola-y-agroalimentaria\/","og_site_name":"Agrial","article_modified_time":"2024-04-23T15:25:44+00:00","og_image":[{"width":1993,"height":1389,"url":"https:\/\/www.agrial.com\/wp-content\/uploads\/2022\/05\/fr-agrial-cmjn-n70-e1679563119540.png","type":"image\/png"}],"twitter_card":"summary_large_image","twitter_misc":{"Tiempo de lectura":"5 minutos"},"schema":{"@context":"https:\/\/schema.org","@graph":[{"@type":"WebPage","@id":"https:\/\/www.agrial.com\/es\/politica-de-proteccion-de-datos-agrial-cooperativa-agricola-y-agroalimentaria\/","url":"https:\/\/www.agrial.com\/es\/politica-de-proteccion-de-datos-agrial-cooperativa-agricola-y-agroalimentaria\/","name":"Pol\u00edtica de protecci\u00f3n de datos - Agrial","isPartOf":{"@id":"https:\/\/www.agrial.com\/#website"},"datePublished":"2022-03-11T09:09:55+00:00","dateModified":"2024-04-23T15:25:44+00:00","description":"Descubra la Pol\u00edtica de Protecci\u00f3n de Datos aplicada en el sitio institucional de Agrial, cooperativa agr\u00edcola y agroalimentaria.","breadcrumb":{"@id":"https:\/\/www.agrial.com\/es\/politica-de-proteccion-de-datos-agrial-cooperativa-agricola-y-agroalimentaria\/#breadcrumb"},"inLanguage":"es","potentialAction":[{"@type":"ReadAction","target":["https:\/\/www.agrial.com\/es\/politica-de-proteccion-de-datos-agrial-cooperativa-agricola-y-agroalimentaria\/"]}]},{"@type":"BreadcrumbList","@id":"https:\/\/www.agrial.com\/es\/politica-de-proteccion-de-datos-agrial-cooperativa-agricola-y-agroalimentaria\/#breadcrumb","itemListElement":[{"@type":"ListItem","position":1,"name":"Accueil","item":"https:\/\/www.agrial.com\/es\/"},{"@type":"ListItem","position":2,"name":"Pol\u00edtica de protecci\u00f3n de datos"}]},{"@type":"WebSite","@id":"https:\/\/www.agrial.com\/#website","url":"https:\/\/www.agrial.com\/","name":"Agrial","description":"Groupe coop\u00e9ratif agricole et agroalimentaire","publisher":{"@id":"https:\/\/www.agrial.com\/#organization"},"potentialAction":[{"@type":"SearchAction","target":{"@type":"EntryPoint","urlTemplate":"https:\/\/www.agrial.com\/?s={search_term_string}"},"query-input":{"@type":"PropertyValueSpecification","valueRequired":true,"valueName":"search_term_string"}}],"inLanguage":"es"},{"@type":"Organization","@id":"https:\/\/www.agrial.com\/#organization","name":"Agrial","url":"https:\/\/www.agrial.com\/","logo":{"@type":"ImageObject","inLanguage":"es","@id":"https:\/\/www.agrial.com\/#\/schema\/logo\/image\/","url":"https:\/\/www.agrial.com\/wp-content\/uploads\/2022\/05\/fr-agrial-cmjn-n70-e1679563119540.png","contentUrl":"https:\/\/www.agrial.com\/wp-content\/uploads\/2022\/05\/fr-agrial-cmjn-n70-e1679563119540.png","width":1993,"height":1389,"caption":"Agrial"},"image":{"@id":"https:\/\/www.agrial.com\/#\/schema\/logo\/image\/"},"sameAs":["https:\/\/fr.linkedin.com\/company\/agrial","https:\/\/www.youtube.com\/channel\/UCSwkJ6_4iEziLGZC_N7Y0dw"]}]}},"_links":{"self":[{"href":"https:\/\/www.agrial.com\/es\/wp-json\/wp\/v2\/pages\/18282","targetHints":{"allow":["GET"]}}],"collection":[{"href":"https:\/\/www.agrial.com\/es\/wp-json\/wp\/v2\/pages"}],"about":[{"href":"https:\/\/www.agrial.com\/es\/wp-json\/wp\/v2\/types\/page"}],"author":[{"embeddable":true,"href":"https:\/\/www.agrial.com\/es\/wp-json\/wp\/v2\/users\/1"}],"replies":[{"embeddable":true,"href":"https:\/\/www.agrial.com\/es\/wp-json\/wp\/v2\/comments?post=18282"}],"version-history":[{"count":5,"href":"https:\/\/www.agrial.com\/es\/wp-json\/wp\/v2\/pages\/18282\/revisions"}],"predecessor-version":[{"id":18294,"href":"https:\/\/www.agrial.com\/es\/wp-json\/wp\/v2\/pages\/18282\/revisions\/18294"}],"wp:attachment":[{"href":"https:\/\/www.agrial.com\/es\/wp-json\/wp\/v2\/media?parent=18282"}],"curies":[{"name":"wp","href":"https:\/\/api.w.org\/{rel}","templated":true}]}}