{"id":18286,"date":"2022-03-11T10:10:21","date_gmt":"2022-03-11T09:10:21","guid":{"rendered":"https:\/\/www.agrial.com\/mentions-legales-agrial-cooperative-agricole-et-agroalimentaire\/"},"modified":"2025-07-23T10:45:51","modified_gmt":"2025-07-23T08:45:51","slug":"aviso-legal-agrial-cooperativa-agricola-y-agroalimentaria","status":"publish","type":"page","link":"https:\/\/www.agrial.com\/es\/aviso-legal-agrial-cooperativa-agricola-y-agroalimentaria\/","title":{"rendered":"Aviso legal"},"content":{"rendered":"<p>La consulta del sitio web <span style=\"color: #ec6608;\"><a style=\"color: #ec6608;\" href=\"http:\/\/www.agrial.com\">www.agrial.com <\/a><\/span>implica la aceptaci\u00f3n, sin limitaciones ni reservas, de sus condiciones generales de uso que figuran en la secci\u00f3n <a href=\"https:\/\/www.agrial.com\/es\/condiciones-generales-de-uso-agrial-cooperativa-agricola-y-agroalimentaria\/\" target=\"_blank\" rel=\"noopener\">CGU<\/a>.<\/p>\n<p>&nbsp;<\/p>\n<h2><span style=\"color: #00713c;\"><strong>Editor<br \/>\n<\/strong><\/span><\/h2>\n<p>SOCI\u00c9T\u00c9 COOP\u00c9RATIVE AGRICOLE ET AGRO-ALIMENTAIRE AGRIAL, sociedad cooperativa agr\u00edcola de capital variable, inscrita en el Registro de Comercio y Sociedades de Caen bajo el n.\u00ba 428 611 719, autorizaci\u00f3n 10571, es el editor del sitio web <span style=\"color: #ec6608;\"><a style=\"color: #ec6608;\" href=\"http:\/\/www.agrial.com\">www.agrial.com<\/a><\/span>.<\/p>\n<p>N\u00famero de identificaci\u00f3n fiscal (IVA intracomunitario): FR 65428611719.<\/p>\n<p>Datos de contacto:<\/p>\n<p>Direcci\u00f3n: 4, rue des Roquemonts, CS 35051, 14050 Caen CEDEX 4 (Francia)<\/p>\n<p>Tel\u00e9fono: +33 (0)2 31 45 43 43<\/p>\n<p>Correo electr\u00f3nico: contact@agrial.com<\/p>\n<p>Director de la publicaci\u00f3n: Julien Heillaut<\/p>\n<p>Responsable de redacci\u00f3n: Charlotte Th\u00e9roude<\/p>\n<p>&nbsp;<\/p>\n<h2><span style=\"color: #00713c;\"><strong>Alojamiento <\/strong><\/span><\/h2>\n<p>El alojamiento del sitio <span style=\"color: #ec6608;\"><a style=\"color: #ec6608;\" href=\"http:\/\/www.agrial.com\">www.agrial.com<\/a><\/span> corre a cargo de la empresa Wokine, SAS con un capital de 48.000 \u20ac, inscrita en el RCS de Lille M\u00e9tropole bajo el n\u00famero 451 700 579.<\/p>\n<p>N\u00famero de identificaci\u00f3n fiscal (IVA intracomunitario): FR12451700579.<\/p>\n<p>Datos de contacto:<\/p>\n<p>Direcci\u00f3n: 22 rue basse, 59800 Lille (Francia)<\/p>\n<p>Tel\u00e9fono: <a href=\"tel:+33(0)3%2020%2088%2011%2059\"><span style=\"color: #ec6608;\">+33(0)3 20 88 11 59<\/span><\/a><\/p>\n<p>Correo electr\u00f3nico: <a href=\"mailto:contact@wokine.com\"><span style=\"color: #ec6608;\">contact@wokine.com<\/span><\/a><\/p>\n<p>&nbsp;<\/p>\n<h2><span style=\"color: #00713c;\"><strong>Cr\u00e9ditos<\/strong><\/span><\/h2>\n<p>Fotos: Agrial, \u00a9Atypix, \u00a9le7emeStudio,<\/p>\n","protected":false},"excerpt":{"rendered":"<p>La consulta del sitio web www.agrial.com implica la aceptaci\u00f3n, sin limitaciones ni reservas, de sus condiciones generales de uso que figuran en la secci\u00f3n CGU. &nbsp; Editor SOCI\u00c9T\u00c9 COOP\u00c9RATIVE AGRICOLE ET AGRO-ALIMENTAIRE AGRIAL, sociedad cooperativa agr\u00edcola de capital variable, inscrita en el Registro de Comercio y Sociedades de Caen bajo el n.\u00ba 428 611 719, [&hellip;]<\/p>\n","protected":false},"author":1,"featured_media":0,"parent":0,"menu_order":100,"comment_status":"closed","ping_status":"closed","template":"","meta":{"_acf_changed":false,"inline_featured_image":false,"footnotes":""},"class_list":["post-18286","page","type-page","status-publish","hentry"],"acf":[],"yoast_head":"<!-- This site is optimized with the Yoast SEO plugin v26.7 - https:\/\/yoast.com\/wordpress\/plugins\/seo\/ -->\n<title>Aviso legal - Agrial<\/title>\n<meta name=\"robots\" content=\"index, follow, max-snippet:-1, max-image-preview:large, max-video-preview:-1\" \/>\n<link rel=\"canonical\" href=\"https:\/\/www.agrial.com\/es\/aviso-legal-agrial-cooperativa-agricola-y-agroalimentaria\/\" \/>\n<meta property=\"og:locale\" content=\"es_ES\" \/>\n<meta property=\"og:type\" content=\"article\" \/>\n<meta property=\"og:title\" content=\"Aviso legal - Agrial\" \/>\n<meta property=\"og:description\" content=\"La consulta del sitio web www.agrial.com implica la aceptaci\u00f3n, sin limitaciones ni reservas, de sus condiciones generales de uso que figuran en la secci\u00f3n CGU. &nbsp; Editor SOCI\u00c9T\u00c9 COOP\u00c9RATIVE AGRICOLE ET AGRO-ALIMENTAIRE AGRIAL, sociedad cooperativa agr\u00edcola de capital variable, inscrita en el Registro de Comercio y Sociedades de Caen bajo el n.\u00ba 428 611 719, [&hellip;]\" \/>\n<meta property=\"og:url\" content=\"https:\/\/www.agrial.com\/es\/aviso-legal-agrial-cooperativa-agricola-y-agroalimentaria\/\" \/>\n<meta property=\"og:site_name\" content=\"Agrial\" \/>\n<meta property=\"article:modified_time\" content=\"2025-07-23T08:45:51+00:00\" \/>\n<meta property=\"og:image\" content=\"https:\/\/www.agrial.com\/wp-content\/uploads\/2022\/05\/fr-agrial-cmjn-n70-e1679563119540.png\" \/>\n\t<meta property=\"og:image:width\" content=\"1993\" \/>\n\t<meta property=\"og:image:height\" content=\"1389\" \/>\n\t<meta property=\"og:image:type\" content=\"image\/png\" \/>\n<meta name=\"twitter:card\" content=\"summary_large_image\" \/>\n<meta name=\"twitter:label1\" content=\"Tiempo de lectura\" \/>\n\t<meta name=\"twitter:data1\" content=\"1 minuto\" \/>\n<script type=\"application\/ld+json\" class=\"yoast-schema-graph\">{\"@context\":\"https:\/\/schema.org\",\"@graph\":[{\"@type\":\"WebPage\",\"@id\":\"https:\/\/www.agrial.com\/es\/aviso-legal-agrial-cooperativa-agricola-y-agroalimentaria\/\",\"url\":\"https:\/\/www.agrial.com\/es\/aviso-legal-agrial-cooperativa-agricola-y-agroalimentaria\/\",\"name\":\"Aviso legal - Agrial\",\"isPartOf\":{\"@id\":\"https:\/\/www.agrial.com\/#website\"},\"datePublished\":\"2022-03-11T09:10:21+00:00\",\"dateModified\":\"2025-07-23T08:45:51+00:00\",\"breadcrumb\":{\"@id\":\"https:\/\/www.agrial.com\/es\/aviso-legal-agrial-cooperativa-agricola-y-agroalimentaria\/#breadcrumb\"},\"inLanguage\":\"es\",\"potentialAction\":[{\"@type\":\"ReadAction\",\"target\":[\"https:\/\/www.agrial.com\/es\/aviso-legal-agrial-cooperativa-agricola-y-agroalimentaria\/\"]}]},{\"@type\":\"BreadcrumbList\",\"@id\":\"https:\/\/www.agrial.com\/es\/aviso-legal-agrial-cooperativa-agricola-y-agroalimentaria\/#breadcrumb\",\"itemListElement\":[{\"@type\":\"ListItem\",\"position\":1,\"name\":\"Accueil\",\"item\":\"https:\/\/www.agrial.com\/es\/\"},{\"@type\":\"ListItem\",\"position\":2,\"name\":\"Aviso legal\"}]},{\"@type\":\"WebSite\",\"@id\":\"https:\/\/www.agrial.com\/#website\",\"url\":\"https:\/\/www.agrial.com\/\",\"name\":\"Agrial\",\"description\":\"Groupe coop\u00e9ratif agricole et agroalimentaire\",\"publisher\":{\"@id\":\"https:\/\/www.agrial.com\/#organization\"},\"potentialAction\":[{\"@type\":\"SearchAction\",\"target\":{\"@type\":\"EntryPoint\",\"urlTemplate\":\"https:\/\/www.agrial.com\/?s={search_term_string}\"},\"query-input\":{\"@type\":\"PropertyValueSpecification\",\"valueRequired\":true,\"valueName\":\"search_term_string\"}}],\"inLanguage\":\"es\"},{\"@type\":\"Organization\",\"@id\":\"https:\/\/www.agrial.com\/#organization\",\"name\":\"Agrial\",\"url\":\"https:\/\/www.agrial.com\/\",\"logo\":{\"@type\":\"ImageObject\",\"inLanguage\":\"es\",\"@id\":\"https:\/\/www.agrial.com\/#\/schema\/logo\/image\/\",\"url\":\"https:\/\/www.agrial.com\/wp-content\/uploads\/2022\/05\/fr-agrial-cmjn-n70-e1679563119540.png\",\"contentUrl\":\"https:\/\/www.agrial.com\/wp-content\/uploads\/2022\/05\/fr-agrial-cmjn-n70-e1679563119540.png\",\"width\":1993,\"height\":1389,\"caption\":\"Agrial\"},\"image\":{\"@id\":\"https:\/\/www.agrial.com\/#\/schema\/logo\/image\/\"},\"sameAs\":[\"https:\/\/fr.linkedin.com\/company\/agrial\",\"https:\/\/www.youtube.com\/channel\/UCSwkJ6_4iEziLGZC_N7Y0dw\"]}]}<\/script>\n<!-- \/ Yoast SEO plugin. -->","yoast_head_json":{"title":"Aviso legal - Agrial","robots":{"index":"index","follow":"follow","max-snippet":"max-snippet:-1","max-image-preview":"max-image-preview:large","max-video-preview":"max-video-preview:-1"},"canonical":"https:\/\/www.agrial.com\/es\/aviso-legal-agrial-cooperativa-agricola-y-agroalimentaria\/","og_locale":"es_ES","og_type":"article","og_title":"Aviso legal - Agrial","og_description":"La consulta del sitio web www.agrial.com implica la aceptaci\u00f3n, sin limitaciones ni reservas, de sus condiciones generales de uso que figuran en la secci\u00f3n CGU. &nbsp; Editor SOCI\u00c9T\u00c9 COOP\u00c9RATIVE AGRICOLE ET AGRO-ALIMENTAIRE AGRIAL, sociedad cooperativa agr\u00edcola de capital variable, inscrita en el Registro de Comercio y Sociedades de Caen bajo el n.\u00ba 428 611 719, [&hellip;]","og_url":"https:\/\/www.agrial.com\/es\/aviso-legal-agrial-cooperativa-agricola-y-agroalimentaria\/","og_site_name":"Agrial","article_modified_time":"2025-07-23T08:45:51+00:00","og_image":[{"width":1993,"height":1389,"url":"https:\/\/www.agrial.com\/wp-content\/uploads\/2022\/05\/fr-agrial-cmjn-n70-e1679563119540.png","type":"image\/png"}],"twitter_card":"summary_large_image","twitter_misc":{"Tiempo de lectura":"1 minuto"},"schema":{"@context":"https:\/\/schema.org","@graph":[{"@type":"WebPage","@id":"https:\/\/www.agrial.com\/es\/aviso-legal-agrial-cooperativa-agricola-y-agroalimentaria\/","url":"https:\/\/www.agrial.com\/es\/aviso-legal-agrial-cooperativa-agricola-y-agroalimentaria\/","name":"Aviso legal - Agrial","isPartOf":{"@id":"https:\/\/www.agrial.com\/#website"},"datePublished":"2022-03-11T09:10:21+00:00","dateModified":"2025-07-23T08:45:51+00:00","breadcrumb":{"@id":"https:\/\/www.agrial.com\/es\/aviso-legal-agrial-cooperativa-agricola-y-agroalimentaria\/#breadcrumb"},"inLanguage":"es","potentialAction":[{"@type":"ReadAction","target":["https:\/\/www.agrial.com\/es\/aviso-legal-agrial-cooperativa-agricola-y-agroalimentaria\/"]}]},{"@type":"BreadcrumbList","@id":"https:\/\/www.agrial.com\/es\/aviso-legal-agrial-cooperativa-agricola-y-agroalimentaria\/#breadcrumb","itemListElement":[{"@type":"ListItem","position":1,"name":"Accueil","item":"https:\/\/www.agrial.com\/es\/"},{"@type":"ListItem","position":2,"name":"Aviso legal"}]},{"@type":"WebSite","@id":"https:\/\/www.agrial.com\/#website","url":"https:\/\/www.agrial.com\/","name":"Agrial","description":"Groupe coop\u00e9ratif agricole et agroalimentaire","publisher":{"@id":"https:\/\/www.agrial.com\/#organization"},"potentialAction":[{"@type":"SearchAction","target":{"@type":"EntryPoint","urlTemplate":"https:\/\/www.agrial.com\/?s={search_term_string}"},"query-input":{"@type":"PropertyValueSpecification","valueRequired":true,"valueName":"search_term_string"}}],"inLanguage":"es"},{"@type":"Organization","@id":"https:\/\/www.agrial.com\/#organization","name":"Agrial","url":"https:\/\/www.agrial.com\/","logo":{"@type":"ImageObject","inLanguage":"es","@id":"https:\/\/www.agrial.com\/#\/schema\/logo\/image\/","url":"https:\/\/www.agrial.com\/wp-content\/uploads\/2022\/05\/fr-agrial-cmjn-n70-e1679563119540.png","contentUrl":"https:\/\/www.agrial.com\/wp-content\/uploads\/2022\/05\/fr-agrial-cmjn-n70-e1679563119540.png","width":1993,"height":1389,"caption":"Agrial"},"image":{"@id":"https:\/\/www.agrial.com\/#\/schema\/logo\/image\/"},"sameAs":["https:\/\/fr.linkedin.com\/company\/agrial","https:\/\/www.youtube.com\/channel\/UCSwkJ6_4iEziLGZC_N7Y0dw"]}]}},"_links":{"self":[{"href":"https:\/\/www.agrial.com\/es\/wp-json\/wp\/v2\/pages\/18286","targetHints":{"allow":["GET"]}}],"collection":[{"href":"https:\/\/www.agrial.com\/es\/wp-json\/wp\/v2\/pages"}],"about":[{"href":"https:\/\/www.agrial.com\/es\/wp-json\/wp\/v2\/types\/page"}],"author":[{"embeddable":true,"href":"https:\/\/www.agrial.com\/es\/wp-json\/wp\/v2\/users\/1"}],"replies":[{"embeddable":true,"href":"https:\/\/www.agrial.com\/es\/wp-json\/wp\/v2\/comments?post=18286"}],"version-history":[{"count":3,"href":"https:\/\/www.agrial.com\/es\/wp-json\/wp\/v2\/pages\/18286\/revisions"}],"predecessor-version":[{"id":24807,"href":"https:\/\/www.agrial.com\/es\/wp-json\/wp\/v2\/pages\/18286\/revisions\/24807"}],"wp:attachment":[{"href":"https:\/\/www.agrial.com\/es\/wp-json\/wp\/v2\/media?parent=18286"}],"curies":[{"name":"wp","href":"https:\/\/api.w.org\/{rel}","templated":true}]}}