{"id":18302,"date":"2022-09-05T14:17:11","date_gmt":"2022-09-05T12:17:11","guid":{"rendered":"https:\/\/www.agrial.com\/plan-du-site-agrial-cooperative-agricole-et-agroalimentaire\/"},"modified":"2024-04-23T17:28:16","modified_gmt":"2024-04-23T15:28:16","slug":"mapa-del-sitio-web-agrial-cooperativa-agricola-y-agroalimentaria","status":"publish","type":"page","link":"https:\/\/www.agrial.com\/es\/mapa-del-sitio-web-agrial-cooperativa-agricola-y-agroalimentaria\/","title":{"rendered":"Mapa del sitio web"},"content":{"rendered":"<h3><span style=\"color: #ec6608;\"><a style=\"color: #ec6608;\" href=\"https:\/\/www.agrial.com\/es\/\" target=\"_blank\" rel=\"noopener\">P\u00e1gina de inicio<\/a><\/span><\/h3>\n<h3><span style=\"color: #000000;\">Acerca de Agrial<\/span><\/h3>\n<ul>\n<li><span style=\"color: #ec6608;\"><a style=\"color: #ec6608;\" href=\"https:\/\/www.agrial.com\/es\/quienes-somos-agrial-cooperativa-agricola-y-agroalimentaria\/\" target=\"_blank\" rel=\"noopener\">\u00bfQui\u00e9nes somos?<\/a><\/span><\/li>\n<li><span style=\"color: #ec6608;\"><a style=\"color: #ec6608;\" href=\"https:\/\/www.agrial.com\/es\/nuestro-modelo-cooperativo-agrial-cooperativa-agricola-y-agroalimentaria\/\" target=\"_blank\" rel=\"noopener\">Modelo cooperativo<\/a><\/span><\/li>\n<li><span style=\"color: #ec6608;\"><a style=\"color: #ec6608;\" href=\"https:\/\/www.agrial.com\/es\/nuestro-territorio-agrial-cooperativa-agricola-y-agroalimentaria\/\" target=\"_blank\" rel=\"noopener\">Territorio<\/a><\/span><\/li>\n<li><span style=\"color: #ec6608;\"><a style=\"color: #ec6608;\" href=\"https:\/\/www.agrial.com\/es\/nuestra-historia-agrial-cooperativa-agricola-y-agroalimentaria\/\" target=\"_blank\" rel=\"noopener\">Historia<\/a><\/span><\/li>\n<li><span style=\"color: #ec6608;\"><a style=\"color: #ec6608;\" href=\"https:\/\/www.agrial.com\/es\/nuestras-ambiciones-agrial-cooperativa-agricola-y-agroalimentaria\/\" target=\"_blank\" rel=\"noopener\">Ambiciones<\/a><\/span><\/li>\n<li><a href=\"https:\/\/www.agrial.com\/es\/noticias-agrial-cooperativa-agricola-y-agroalimentaria\/\" target=\"_blank\" rel=\"noopener\"><span style=\"color: #ec6608;\">Noticias<\/span><\/a><\/li>\n<\/ul>\n<h3>Divisiones<\/h3>\n<ul>\n<li><span style=\"color: #ec6608;\"><a style=\"color: #ec6608;\" href=\"https:\/\/www.agrial.com\/es\/un-modelo-multiespecialista-agrial-cooperativa-agricola-y-agroalimentaria\/\" target=\"_blank\" rel=\"noopener\">Modelo multiespecialista<\/a><\/span><\/li>\n<li><span style=\"color: #ec6608;\"><a style=\"color: #ec6608;\" href=\"https:\/\/www.agrial.com\/es\/divison-agricola-agrial-cooperativa-agricola-y-agroalimentaria\/\" target=\"_blank\" rel=\"noopener\">Divisi\u00f3n Agr\u00edcola<\/a><\/span><\/li>\n<li><span style=\"color: #ec6608;\"><a style=\"color: #ec6608;\" href=\"https:\/\/www.agrial.com\/es\/filiere\/division-lactea-agrial-cooperativa-agricola-y-agroalimentaria\/\" target=\"_blank\" rel=\"noopener\">Divisi\u00f3n L\u00e1ctea<\/a><br \/>\n<\/span><\/li>\n<li><span style=\"color: #ec6608;\"><a style=\"color: #ec6608;\" href=\"https:\/\/www.agrial.com\/es\/filiere\/division-verduras-y-frutas-frescas-agrial-cooperativa-agricola-y-agroalimentaria\/\" target=\"_blank\" rel=\"noopener\">Divisi\u00f3n Verduras y Frutas frescas<\/a><\/span><\/li>\n<li><span style=\"color: #ec6608;\"><a style=\"color: #ec6608;\" href=\"https:\/\/www.agrial.com\/es\/filiere\/division-carne-agrial-cooperativa-agricola-y-agroalimentaria\/\" target=\"_blank\" rel=\"noopener\">Divisi\u00f3n Carne<\/a><\/span><\/li>\n<li><span style=\"color: #ec6608;\"><a style=\"color: #ec6608;\" href=\"https:\/\/www.agrial.com\/es\/filiere\/division-bebidas-agrial-cooperativa-agricola-y-agroalimentaria\/\" target=\"_blank\" rel=\"noopener\">Divisi\u00f3n Bebidas<\/a><\/span><\/li>\n<li><span style=\"color: #ec6608;\"><a style=\"color: #ec6608;\" href=\"https:\/\/www.agrial.com\/es\/nuestras-marcas-agrial-cooperativa-agricola-y-agroalimentaria\/\" target=\"_blank\" rel=\"noopener\">Marcas<\/a><\/span><\/li>\n<\/ul>\n<h3><span style=\"color: #000000;\">Compromisos<\/span><\/h3>\n<ul>\n<li><a href=\"https:\/\/www.agrial.com\/es\/nuestros-compromisos-agrial-cooperativa-agricola-y-agroalimentaria\/\" target=\"_blank\" rel=\"noopener\"><span style=\"color: #ec6608;\">Descubrir nuestro compromiso<\/span><\/a><\/li>\n<li><span style=\"color: #ec6608;\"><a style=\"color: #ec6608;\" href=\"https:\/\/www.agrial.com\/es\/impacts\/actuar-en-favor-del-clima-agrial-cooperativa-agricola-y-agroalimentaria\/\">Actuar en favor del clima<\/a><\/span><\/li>\n<li><span style=\"color: #ec6608;\"><a style=\"color: #ec6608;\" href=\"https:\/\/www.agrial.com\/es\/impacts\/cultivar-el-bienestar-en-nuestro-modelo-agrial-cooperativa-agricola-y-agroalimentaria\/\">Cultivar el bienestar en nuestro modelo<\/a><\/span><\/li>\n<li><span style=\"color: #ec6608;\"><a style=\"color: #ec6608;\" href=\"https:\/\/www.agrial.com\/es\/impacts\/favorecer-el-crecimiento-de-hombres-y-mujeres-agrial-cooperativa-agricola-y-agroalimentaria\/\">Favorecer el crecimiento de hombres y mujeres<\/a><\/span><\/li>\n<li><span style=\"color: #ec6608;\"><a style=\"color: #ec6608;\" href=\"https:\/\/www.agrial.com\/es\/impacts\/contribuir-al-dinamismo-de-los-territorios-agrial-cooperativa-agricola-y-agroalimentaria\/\">Contribuir al dinamismo de los territorios<\/a><\/span><\/li>\n<li><span style=\"color: #ec6608;\"><a style=\"color: #ec6608;\" href=\"https:\/\/www.agrial.com\/es\/impacts\/crear-valor-compartido-y-sostenible-agrial-cooperativa-agricola-y-agroalimentaria\/\">Crear valor compartido y sostenible<\/a><\/span><\/li>\n<li><span style=\"color: #ec6608;\"><a style=\"color: #ec6608;\" href=\"https:\/\/www.agrial.com\/es\/impacts\/fomentar-la-innovacion-agrial-cooperativa-agricola-y-agroalimentaria\/\">Fomentar la innovaci\u00f3n<\/a><\/span><\/li>\n<li><span style=\"color: #ec6608;\"><a style=\"color: #ec6608;\" href=\"https:\/\/www.agrial.com\/es\/nuestros-compromisos-agrial-cooperativa-agricola-y-agroalimentaria\/\">Descubrir el Plan Clim\u00e1tico 2035 de Agrial<\/a><\/span><\/li>\n<\/ul>\n<h3><span style=\"color: #000000;\">Trabaja con nosotros<\/span><\/h3>\n<ul>\n<li><span style=\"color: #ec6608;\"><a style=\"color: #ec6608;\" href=\"https:\/\/www.agrial.com\/es\/trabajar-en-agrial-cooperativa-agricola-y-agroalimentaria\/\">Trabajar en Agrial<\/a><\/span><\/li>\n<li><span style=\"color: #ec6608;\"><a style=\"color: #ec6608;\" href=\"https:\/\/www.agrial.com\/es\/estudiantes-agrial-cooperativa-agricola-y-agroalimentaria\/\">Estudiantes<\/a><\/span><\/li>\n<li><span style=\"color: #ec6608;\"><a style=\"color: #ec6608;\" href=\"https:\/\/www.agrial.com\/es\/ofertas-de-empleo-agrial-cooperativa-agricola-y-agroalimentaria\/\">Ofertas de empleo<\/a><\/span><\/li>\n<li><span style=\"color: #ec6608;\"><a style=\"color: #ec6608;\" href=\"https:\/\/travaillerchez.agrial.com\/\" target=\"_blank\" rel=\"noopener\"><span style=\"color: #ec6608;\">Agrial contrata, \u00a1env\u00edanos tu curr\u00edculo!<\/span><\/a><\/span><\/li>\n<\/ul>\n<h3><span style=\"color: #ec6608;\"><a style=\"color: #ec6608;\" href=\"https:\/\/www.agrial.com\/es\/prensea-agrial-cooperativa-agricola-y-agroalimentaria\/\" target=\"_blank\" rel=\"noopener\">Prensa<\/a><\/span><\/h3>\n<h3><span style=\"color: #ec6608;\"><a style=\"color: #ec6608;\" href=\"https:\/\/www.agrial.com\/es\/contacto-agrial-cooperativa-agricola-y-agroalimentaria\/\" target=\"_blank\" rel=\"noopener\">Contacto<\/a><\/span><\/h3>\n","protected":false},"excerpt":{"rendered":"<p>P\u00e1gina de inicio Acerca de Agrial \u00bfQui\u00e9nes somos? Modelo cooperativo Territorio Historia Ambiciones Noticias Divisiones Modelo multiespecialista Divisi\u00f3n Agr\u00edcola Divisi\u00f3n L\u00e1ctea Divisi\u00f3n Verduras y Frutas frescas Divisi\u00f3n Carne Divisi\u00f3n Bebidas Marcas Compromisos Descubrir nuestro compromiso Actuar en favor del clima Cultivar el bienestar en nuestro modelo Favorecer el crecimiento de hombres y mujeres Contribuir al [&hellip;]<\/p>\n","protected":false},"author":3,"featured_media":0,"parent":0,"menu_order":30,"comment_status":"closed","ping_status":"closed","template":"","meta":{"_acf_changed":false,"inline_featured_image":false,"footnotes":""},"class_list":["post-18302","page","type-page","status-publish","hentry"],"acf":[],"yoast_head":"<!-- This site is optimized with the Yoast SEO plugin v26.7 - https:\/\/yoast.com\/wordpress\/plugins\/seo\/ -->\n<title>Mapa del sitio web - Agrial<\/title>\n<meta name=\"description\" content=\"Descubra Agrial, un grupo cooperativo agr\u00edcola y agroalimentario franc\u00e9s. Desarrollamos actividades de transformaci\u00f3n alimentaria.\" \/>\n<meta name=\"robots\" content=\"index, follow, max-snippet:-1, max-image-preview:large, max-video-preview:-1\" \/>\n<link rel=\"canonical\" href=\"https:\/\/www.agrial.com\/es\/mapa-del-sitio-web-agrial-cooperativa-agricola-y-agroalimentaria\/\" \/>\n<meta property=\"og:locale\" content=\"es_ES\" \/>\n<meta property=\"og:type\" content=\"article\" \/>\n<meta property=\"og:title\" content=\"Mapa del sitio web - Agrial\" \/>\n<meta property=\"og:description\" content=\"Descubra Agrial, un grupo cooperativo agr\u00edcola y agroalimentario franc\u00e9s. Desarrollamos actividades de transformaci\u00f3n alimentaria.\" \/>\n<meta property=\"og:url\" content=\"https:\/\/www.agrial.com\/es\/mapa-del-sitio-web-agrial-cooperativa-agricola-y-agroalimentaria\/\" \/>\n<meta property=\"og:site_name\" content=\"Agrial\" \/>\n<meta property=\"article:modified_time\" content=\"2024-04-23T15:28:16+00:00\" \/>\n<meta property=\"og:image\" content=\"https:\/\/www.agrial.com\/wp-content\/uploads\/2022\/05\/fr-agrial-cmjn-n70-e1679563119540.png\" \/>\n\t<meta property=\"og:image:width\" content=\"1993\" \/>\n\t<meta property=\"og:image:height\" content=\"1389\" \/>\n\t<meta property=\"og:image:type\" content=\"image\/png\" \/>\n<meta name=\"twitter:card\" content=\"summary_large_image\" \/>\n<meta name=\"twitter:label1\" content=\"Tiempo de lectura\" \/>\n\t<meta name=\"twitter:data1\" content=\"1 minuto\" \/>\n<script type=\"application\/ld+json\" class=\"yoast-schema-graph\">{\"@context\":\"https:\/\/schema.org\",\"@graph\":[{\"@type\":\"WebPage\",\"@id\":\"https:\/\/www.agrial.com\/es\/mapa-del-sitio-web-agrial-cooperativa-agricola-y-agroalimentaria\/\",\"url\":\"https:\/\/www.agrial.com\/es\/mapa-del-sitio-web-agrial-cooperativa-agricola-y-agroalimentaria\/\",\"name\":\"Mapa del sitio web - Agrial\",\"isPartOf\":{\"@id\":\"https:\/\/www.agrial.com\/#website\"},\"datePublished\":\"2022-09-05T12:17:11+00:00\",\"dateModified\":\"2024-04-23T15:28:16+00:00\",\"description\":\"Descubra Agrial, un grupo cooperativo agr\u00edcola y agroalimentario franc\u00e9s. Desarrollamos actividades de transformaci\u00f3n alimentaria.\",\"breadcrumb\":{\"@id\":\"https:\/\/www.agrial.com\/es\/mapa-del-sitio-web-agrial-cooperativa-agricola-y-agroalimentaria\/#breadcrumb\"},\"inLanguage\":\"es\",\"potentialAction\":[{\"@type\":\"ReadAction\",\"target\":[\"https:\/\/www.agrial.com\/es\/mapa-del-sitio-web-agrial-cooperativa-agricola-y-agroalimentaria\/\"]}]},{\"@type\":\"BreadcrumbList\",\"@id\":\"https:\/\/www.agrial.com\/es\/mapa-del-sitio-web-agrial-cooperativa-agricola-y-agroalimentaria\/#breadcrumb\",\"itemListElement\":[{\"@type\":\"ListItem\",\"position\":1,\"name\":\"Accueil\",\"item\":\"https:\/\/www.agrial.com\/es\/\"},{\"@type\":\"ListItem\",\"position\":2,\"name\":\"Mapa del sitio web\"}]},{\"@type\":\"WebSite\",\"@id\":\"https:\/\/www.agrial.com\/#website\",\"url\":\"https:\/\/www.agrial.com\/\",\"name\":\"Agrial\",\"description\":\"Groupe coop\u00e9ratif agricole et agroalimentaire\",\"publisher\":{\"@id\":\"https:\/\/www.agrial.com\/#organization\"},\"potentialAction\":[{\"@type\":\"SearchAction\",\"target\":{\"@type\":\"EntryPoint\",\"urlTemplate\":\"https:\/\/www.agrial.com\/?s={search_term_string}\"},\"query-input\":{\"@type\":\"PropertyValueSpecification\",\"valueRequired\":true,\"valueName\":\"search_term_string\"}}],\"inLanguage\":\"es\"},{\"@type\":\"Organization\",\"@id\":\"https:\/\/www.agrial.com\/#organization\",\"name\":\"Agrial\",\"url\":\"https:\/\/www.agrial.com\/\",\"logo\":{\"@type\":\"ImageObject\",\"inLanguage\":\"es\",\"@id\":\"https:\/\/www.agrial.com\/#\/schema\/logo\/image\/\",\"url\":\"https:\/\/www.agrial.com\/wp-content\/uploads\/2022\/05\/fr-agrial-cmjn-n70-e1679563119540.png\",\"contentUrl\":\"https:\/\/www.agrial.com\/wp-content\/uploads\/2022\/05\/fr-agrial-cmjn-n70-e1679563119540.png\",\"width\":1993,\"height\":1389,\"caption\":\"Agrial\"},\"image\":{\"@id\":\"https:\/\/www.agrial.com\/#\/schema\/logo\/image\/\"},\"sameAs\":[\"https:\/\/fr.linkedin.com\/company\/agrial\",\"https:\/\/www.youtube.com\/channel\/UCSwkJ6_4iEziLGZC_N7Y0dw\"]}]}<\/script>\n<!-- \/ Yoast SEO plugin. -->","yoast_head_json":{"title":"Mapa del sitio web - Agrial","description":"Descubra Agrial, un grupo cooperativo agr\u00edcola y agroalimentario franc\u00e9s. Desarrollamos actividades de transformaci\u00f3n alimentaria.","robots":{"index":"index","follow":"follow","max-snippet":"max-snippet:-1","max-image-preview":"max-image-preview:large","max-video-preview":"max-video-preview:-1"},"canonical":"https:\/\/www.agrial.com\/es\/mapa-del-sitio-web-agrial-cooperativa-agricola-y-agroalimentaria\/","og_locale":"es_ES","og_type":"article","og_title":"Mapa del sitio web - Agrial","og_description":"Descubra Agrial, un grupo cooperativo agr\u00edcola y agroalimentario franc\u00e9s. Desarrollamos actividades de transformaci\u00f3n alimentaria.","og_url":"https:\/\/www.agrial.com\/es\/mapa-del-sitio-web-agrial-cooperativa-agricola-y-agroalimentaria\/","og_site_name":"Agrial","article_modified_time":"2024-04-23T15:28:16+00:00","og_image":[{"width":1993,"height":1389,"url":"https:\/\/www.agrial.com\/wp-content\/uploads\/2022\/05\/fr-agrial-cmjn-n70-e1679563119540.png","type":"image\/png"}],"twitter_card":"summary_large_image","twitter_misc":{"Tiempo de lectura":"1 minuto"},"schema":{"@context":"https:\/\/schema.org","@graph":[{"@type":"WebPage","@id":"https:\/\/www.agrial.com\/es\/mapa-del-sitio-web-agrial-cooperativa-agricola-y-agroalimentaria\/","url":"https:\/\/www.agrial.com\/es\/mapa-del-sitio-web-agrial-cooperativa-agricola-y-agroalimentaria\/","name":"Mapa del sitio web - Agrial","isPartOf":{"@id":"https:\/\/www.agrial.com\/#website"},"datePublished":"2022-09-05T12:17:11+00:00","dateModified":"2024-04-23T15:28:16+00:00","description":"Descubra Agrial, un grupo cooperativo agr\u00edcola y agroalimentario franc\u00e9s. Desarrollamos actividades de transformaci\u00f3n alimentaria.","breadcrumb":{"@id":"https:\/\/www.agrial.com\/es\/mapa-del-sitio-web-agrial-cooperativa-agricola-y-agroalimentaria\/#breadcrumb"},"inLanguage":"es","potentialAction":[{"@type":"ReadAction","target":["https:\/\/www.agrial.com\/es\/mapa-del-sitio-web-agrial-cooperativa-agricola-y-agroalimentaria\/"]}]},{"@type":"BreadcrumbList","@id":"https:\/\/www.agrial.com\/es\/mapa-del-sitio-web-agrial-cooperativa-agricola-y-agroalimentaria\/#breadcrumb","itemListElement":[{"@type":"ListItem","position":1,"name":"Accueil","item":"https:\/\/www.agrial.com\/es\/"},{"@type":"ListItem","position":2,"name":"Mapa del sitio web"}]},{"@type":"WebSite","@id":"https:\/\/www.agrial.com\/#website","url":"https:\/\/www.agrial.com\/","name":"Agrial","description":"Groupe coop\u00e9ratif agricole et agroalimentaire","publisher":{"@id":"https:\/\/www.agrial.com\/#organization"},"potentialAction":[{"@type":"SearchAction","target":{"@type":"EntryPoint","urlTemplate":"https:\/\/www.agrial.com\/?s={search_term_string}"},"query-input":{"@type":"PropertyValueSpecification","valueRequired":true,"valueName":"search_term_string"}}],"inLanguage":"es"},{"@type":"Organization","@id":"https:\/\/www.agrial.com\/#organization","name":"Agrial","url":"https:\/\/www.agrial.com\/","logo":{"@type":"ImageObject","inLanguage":"es","@id":"https:\/\/www.agrial.com\/#\/schema\/logo\/image\/","url":"https:\/\/www.agrial.com\/wp-content\/uploads\/2022\/05\/fr-agrial-cmjn-n70-e1679563119540.png","contentUrl":"https:\/\/www.agrial.com\/wp-content\/uploads\/2022\/05\/fr-agrial-cmjn-n70-e1679563119540.png","width":1993,"height":1389,"caption":"Agrial"},"image":{"@id":"https:\/\/www.agrial.com\/#\/schema\/logo\/image\/"},"sameAs":["https:\/\/fr.linkedin.com\/company\/agrial","https:\/\/www.youtube.com\/channel\/UCSwkJ6_4iEziLGZC_N7Y0dw"]}]}},"_links":{"self":[{"href":"https:\/\/www.agrial.com\/es\/wp-json\/wp\/v2\/pages\/18302","targetHints":{"allow":["GET"]}}],"collection":[{"href":"https:\/\/www.agrial.com\/es\/wp-json\/wp\/v2\/pages"}],"about":[{"href":"https:\/\/www.agrial.com\/es\/wp-json\/wp\/v2\/types\/page"}],"author":[{"embeddable":true,"href":"https:\/\/www.agrial.com\/es\/wp-json\/wp\/v2\/users\/3"}],"replies":[{"embeddable":true,"href":"https:\/\/www.agrial.com\/es\/wp-json\/wp\/v2\/comments?post=18302"}],"version-history":[{"count":5,"href":"https:\/\/www.agrial.com\/es\/wp-json\/wp\/v2\/pages\/18302\/revisions"}],"predecessor-version":[{"id":18973,"href":"https:\/\/www.agrial.com\/es\/wp-json\/wp\/v2\/pages\/18302\/revisions\/18973"}],"wp:attachment":[{"href":"https:\/\/www.agrial.com\/es\/wp-json\/wp\/v2\/media?parent=18302"}],"curies":[{"name":"wp","href":"https:\/\/api.w.org\/{rel}","templated":true}]}}